{"id":843,"date":"2017-10-19T14:37:22","date_gmt":"2017-10-19T12:37:22","guid":{"rendered":"http:\/\/www.porphyrie-leberring.de\/?page_id=843"},"modified":"2020-08-11T16:51:53","modified_gmt":"2020-08-11T14:51:53","slug":"downloadbereich","status":"publish","type":"page","link":"https:\/\/www.porphyrie-leberring.de\/en\/informationsmaterialien\/downloadbereich\/","title":{"rendered":"Downloadbereich"},"content":{"rendered":"<p>In unserem Downloadbereich stellen wir Dokumente zur Verf\u00fcgung, die unsere Webseite, unsere Gruppe und unsere Veranstaltungen betreffen. Neben Einladungen und Anmeldeformularen finden Sie hier auch Frageb\u00f6gen. Damit k\u00f6nnen Sie uns helfen, anderen zu helfen.<\/p>\n<h2>Downloads zu kommenden Veranstaltungen<\/h2>\n<p>Zurzeit sind keine Veranstaltungen geplant<\/p>\n<p>&nbsp;<\/p>\n<h2>Hier k\u00f6nnen Sie uns helfen<\/h2>\n<p>Jeder Betroffene hat seine eigene Geschichte. Sie k\u00f6nnen mit Ihrer Geschichte andere unterst\u00fctzen. In diesem <a href=\"http:\/\/www.porphyrie-leberring.de\/wp-content\/uploads\/2017\/10\/Fragebogen-Leben-mit-Porphyrie.pdf\" target=\"_blank\" rel=\"noopener noreferrer\">Fragebogen zum Leben mit Porphyrie<\/a> k\u00f6nnen Sie uns \u00fcber Ihre Erfahrungen mit der Porphyrie mitteilen.<\/p>\n<p>Au\u00dferdem haben wir zur besseren Recherche der Porphyrie einen <a href=\"http:\/\/www.porphyrie-leberring.de\/wp-content\/uploads\/2017\/06\/Stammbaum-der-Porphyrie.pdf\" target=\"_blank\" rel=\"noopener noreferrer\">Stammbaum<\/a> kreiert. Wir w\u00fcrden uns freuen, wenn Sie sich zum Ausf\u00fcllen ein paar Minuten Zeit nehmen. Sollten Sie nicht genau wissen, ob einer Ihrer Angeh\u00f6rigen an einer Porphyrie litt, schreiben Sie bitte in die entsprechenden Felder &#8220;Verdacht&#8221;. Selbstverst\u00e4ndlich d\u00fcrfen Sie den Stammbaum nach Bedarf erweitern.<\/p>\n","protected":false},"excerpt":{"rendered":"<p>In unserem Downloadbereich stellen wir Dokumente zur Verf\u00fcgung, die unsere Webseite, unsere Gruppe und unsere Veranstaltungen betreffen. Neben Einladungen und Anmeldeformularen finden Sie hier auch Frageb\u00f6gen. Damit k\u00f6nnen Sie uns helfen, anderen zu helfen. Downloads zu kommenden Veranstaltungen Zurzeit sind keine Veranstaltungen geplant &nbsp; Hier k\u00f6nnen Sie uns helfen Jeder Betroffene hat seine eigene Geschichte. [&hellip;]<\/p>\n","protected":false},"author":2,"featured_media":0,"parent":439,"menu_order":0,"comment_status":"closed","ping_status":"closed","template":"","meta":{"footnotes":""},"class_list":["post-843","page","type-page","status-publish","czr-hentry"],"translation":{"provider":"WPGlobus","version":"3.0.2","language":"en","enabled_languages":["de","en"],"languages":{"de":{"title":true,"content":true,"excerpt":false},"en":{"title":false,"content":false,"excerpt":false}}},"aioseo_notices":[],"_links":{"self":[{"href":"https:\/\/www.porphyrie-leberring.de\/en\/wp-json\/wp\/v2\/pages\/843","targetHints":{"allow":["GET"]}}],"collection":[{"href":"https:\/\/www.porphyrie-leberring.de\/en\/wp-json\/wp\/v2\/pages"}],"about":[{"href":"https:\/\/www.porphyrie-leberring.de\/en\/wp-json\/wp\/v2\/types\/page"}],"author":[{"embeddable":true,"href":"https:\/\/www.porphyrie-leberring.de\/en\/wp-json\/wp\/v2\/users\/2"}],"replies":[{"embeddable":true,"href":"https:\/\/www.porphyrie-leberring.de\/en\/wp-json\/wp\/v2\/comments?post=843"}],"version-history":[{"count":18,"href":"https:\/\/www.porphyrie-leberring.de\/en\/wp-json\/wp\/v2\/pages\/843\/revisions"}],"predecessor-version":[{"id":1954,"href":"https:\/\/www.porphyrie-leberring.de\/en\/wp-json\/wp\/v2\/pages\/843\/revisions\/1954"}],"up":[{"embeddable":true,"href":"https:\/\/www.porphyrie-leberring.de\/en\/wp-json\/wp\/v2\/pages\/439"}],"wp:attachment":[{"href":"https:\/\/www.porphyrie-leberring.de\/en\/wp-json\/wp\/v2\/media?parent=843"}],"curies":[{"name":"wp","href":"https:\/\/api.w.org\/{rel}","templated":true}]}}