{"id":513,"date":"2017-06-02T02:22:07","date_gmt":"2017-06-02T00:22:07","guid":{"rendered":"http:\/\/www.porphyrie-leberring.de\/?page_id=513"},"modified":"2020-08-11T16:44:21","modified_gmt":"2020-08-11T14:44:21","slug":"porphyrie-stammbaum","status":"publish","type":"page","link":"https:\/\/www.porphyrie-leberring.de\/en\/erfahrungsberichte\/porphyrie-stammbaum\/","title":{"rendered":"Porphyrie Stammbaum"},"content":{"rendered":"<p><strong>Werte Betroffene, sehr geehrte Damen und Herren,<\/strong><\/p>\n<p>wir haben zur besseren Recherche der Porphyrie einen Stammbaum kreiert. Wir w\u00fcrden uns freuen, wenn Sie ihn ausdrucken und sich zum Ausf\u00fcllen ein paar Minuten Zeit nehmen. Sollten Sie nicht genau wissen, ob einer Ihrer Angeh\u00f6rigen an einer Porphyrie litt, schreiben Sie bitte in die entsprechenden Felder &#8220;Verdacht&#8221; rein.<\/p>\n<p>Wir w\u00fcrden uns sehr freuen, wenn Sie uns den ausgef\u00fcllten Stammbaum zusenden &#8211; gern auch anonym. So k\u00f6nnen wir unsere Informationen zu den Porphyrie-Erkrankungen vervollst\u00e4ndigen.<\/p>\n<p><a href=\"http:\/\/www.porphyrie-leberring.de\/wp-content\/uploads\/2019\/10\/Stammbaum-der-Porphyrie-1.pdf\" target=\"_blank\" rel=\"noopener noreferrer\">Stammbaum<\/a><\/p>\n<p><strong>Vielen Dank<\/strong><\/p>\n<p>&nbsp;<\/p>\n","protected":false},"excerpt":{"rendered":"<p>Werte Betroffene, sehr geehrte Damen und Herren, wir haben zur besseren Recherche der Porphyrie einen Stammbaum kreiert. Wir w\u00fcrden uns freuen, wenn Sie ihn ausdrucken und sich zum Ausf\u00fcllen ein paar Minuten Zeit nehmen. Sollten Sie nicht genau wissen, ob einer Ihrer Angeh\u00f6rigen an einer Porphyrie litt, schreiben Sie bitte in die entsprechenden Felder &#8220;Verdacht&#8221; [&hellip;]<\/p>\n","protected":false},"author":4,"featured_media":0,"parent":163,"menu_order":0,"comment_status":"closed","ping_status":"closed","template":"","meta":{"footnotes":""},"class_list":["post-513","page","type-page","status-publish","czr-hentry"],"translation":{"provider":"WPGlobus","version":"3.0.2","language":"en","enabled_languages":["de","en"],"languages":{"de":{"title":true,"content":true,"excerpt":false},"en":{"title":false,"content":false,"excerpt":false}}},"aioseo_notices":[],"_links":{"self":[{"href":"https:\/\/www.porphyrie-leberring.de\/en\/wp-json\/wp\/v2\/pages\/513","targetHints":{"allow":["GET"]}}],"collection":[{"href":"https:\/\/www.porphyrie-leberring.de\/en\/wp-json\/wp\/v2\/pages"}],"about":[{"href":"https:\/\/www.porphyrie-leberring.de\/en\/wp-json\/wp\/v2\/types\/page"}],"author":[{"embeddable":true,"href":"https:\/\/www.porphyrie-leberring.de\/en\/wp-json\/wp\/v2\/users\/4"}],"replies":[{"embeddable":true,"href":"https:\/\/www.porphyrie-leberring.de\/en\/wp-json\/wp\/v2\/comments?post=513"}],"version-history":[{"count":20,"href":"https:\/\/www.porphyrie-leberring.de\/en\/wp-json\/wp\/v2\/pages\/513\/revisions"}],"predecessor-version":[{"id":1948,"href":"https:\/\/www.porphyrie-leberring.de\/en\/wp-json\/wp\/v2\/pages\/513\/revisions\/1948"}],"up":[{"embeddable":true,"href":"https:\/\/www.porphyrie-leberring.de\/en\/wp-json\/wp\/v2\/pages\/163"}],"wp:attachment":[{"href":"https:\/\/www.porphyrie-leberring.de\/en\/wp-json\/wp\/v2\/media?parent=513"}],"curies":[{"name":"wp","href":"https:\/\/api.w.org\/{rel}","templated":true}]}}