{"id":503,"date":"2017-05-23T19:12:26","date_gmt":"2017-05-23T17:12:26","guid":{"rendered":"http:\/\/www.porphyrie-leberring.de\/?page_id=503"},"modified":"2018-06-01T14:29:26","modified_gmt":"2018-06-01T12:29:26","slug":"zur-erinnerung-an-das-erste-porphyrie-symposium-2014-in-berlin","status":"publish","type":"page","link":"https:\/\/www.porphyrie-leberring.de\/en\/informationsmaterialien\/zur-erinnerung-an-das-erste-porphyrie-symposium-2014-in-berlin\/","title":{"rendered":"Zur Erinnerung an das erste Porphyrie-Symposium 2014 in Berlin"},"content":{"rendered":"<h3><strong>Einladung zum Porphyrie-Symposium 2014<\/strong><\/h3>\n<p><strong>am Freitag, den 28.02.2014 ab 14:00 Uhr \u00c4rztefortbildung und Samstag, den 01.03.2014 ab 10:00 Uhr Arzt-Patienten-Seminar mit anschlie\u00dfendem offenen Gruppentreffen<\/strong><\/p>\n<p><strong>in die<\/strong><\/p>\n<p><strong>Charit\u00e9 Campus Benjamin Franklin,<\/strong><br \/>\n<strong>12203 Berlin-Steglitz,<\/strong><br \/>\n<strong>Hindenburgdamm 30,<\/strong><br \/>\n<strong>Kursraum 1<\/strong><\/p>\n<p><strong>Liebe Betroffene und Interessierte,<\/strong><br \/>\nDer Berliner Leberring e.V. betreibt seit 1997 in Berlin und Brandenburg eine Anlaufstelle f\u00fcr Betroffene und Interessierte mit ausschlie\u00dflich ehrenamtlichen Kr\u00e4ften. Wir betreuen verschiedenste Thematiken mit Beratung, Veranstaltungen und Gespr\u00e4chsgruppen. Dieses Konzept ist bundesweit einmalig im \u201cLeberbreich\u201d. Seit 2008 betreut der Berliner Leberring e.V. Porphyriebetroffene und die Selbsthilfegruppe besteht bereits f\u00fcnf Jahre.<\/p>\n<p>Durch die regelm\u00e4\u00dfigen Treffen bei uns ist die Idee geboren mehr in die \u00d6ffentlichkeit zu gehen, Informationen zu sammeln und viele der Betroffenen sind auf sich alleine gestellt und erfahren \u00fcber die seltene Erkrankung zu wenig. Auf diesem Symposium, der 1. in Berlin, werden wir viele Gesichtspunkte b\u00fcndeln, f\u00fcr \u00c4rzte und nat\u00fcrlich f\u00fcr Sie. Es werden nicht nur rein medizinische Themen angeboten, auch wird ein Fragebogen vorgestellt, der in Zusammenarbeit einiger Gruppenmitglieder entstanden ist. Wir w\u00fcrden uns freuen, hier\u00fcber ein Feedback von Ihnen zu erhalten. Sie als Betroffene k\u00f6nnen auch gerne an der \u00c4rzteveranstaltung teilnehmen.<\/p>\n<p><strong>Die beiden Tage sind kostenfrei, ein Imbiss steht f\u00fcr Sie zur Verf\u00fcgung.<\/strong><\/p>\n<p><strong>Fahrtkosten oder \u00dcbernachtungen k\u00f6nnen wir leider nicht \u00fcbernehmen.<\/strong><\/p>\n<p><strong>Bitte melden Sie sich unbedingt \u2013 auch f\u00fcr beide Tage an\u2013 damit wir uns mit dem Imbiss einrichten k\u00f6nnen.<\/strong><\/p>\n<p><strong>Vielen Dank.<\/strong><\/p>\n<p><strong>Wir w\u00fcrden uns sehr freuen, wenn wir Sie in Berlin begr\u00fc\u00dfen d\u00fcrften.<\/strong><\/p>\n<p>Mit freundlichen Gr\u00fc\u00dfen,<br \/>\nProf. Dr. Britta Siegmund, Charit\u00e9 Universit\u00e4tsmedizin Berlin;<br \/>\nProf. Dr. U. St\u00f6lzel, Klinikum Chemnitz;<br \/>\nProf. R. Somasundaram, Charit\u00e9 Universit\u00e4tsmedizin Berlin;<br \/>\nSabine von Wegerer, Vorstand Berliner Leberring e.V.<\/p>\n<p><strong>&#8211; Einladung:<\/strong> <a href=\"http:\/\/berliner-leberring.de\/wp-content\/uploads\/2014\/01\/einladung-porphyrie-final.pdf\" target=\"_blank\">http:\/\/berliner-leberring.de\/wp-content &#8230; -final.pdf<\/a><br \/>\n<strong>&#8211; Programmablauf:<\/strong> <a href=\"http:\/\/berliner-leberring.de\/wp-content\/uploads\/2014\/01\/plakat-porphyrie-final.pdf\" target=\"_blank\">http:\/\/berliner-leberring.de\/wp-content &#8230; -final.pdf<\/a><\/p>\n","protected":false},"excerpt":{"rendered":"<p>Einladung zum Porphyrie-Symposium 2014 am Freitag, den 28.02.2014 ab 14:00 Uhr \u00c4rztefortbildung und Samstag, den 01.03.2014 ab 10:00 Uhr Arzt-Patienten-Seminar mit anschlie\u00dfendem offenen Gruppentreffen in die Charit\u00e9 Campus Benjamin Franklin, 12203 Berlin-Steglitz, Hindenburgdamm 30, Kursraum 1 Liebe Betroffene und Interessierte, Der Berliner Leberring e.V. betreibt seit 1997 in Berlin und Brandenburg eine Anlaufstelle f\u00fcr Betroffene [&hellip;]<\/p>\n","protected":false},"author":4,"featured_media":0,"parent":439,"menu_order":0,"comment_status":"closed","ping_status":"closed","template":"","meta":{"footnotes":""},"class_list":["post-503","page","type-page","status-publish","czr-hentry"],"translation":{"provider":"WPGlobus","version":"3.0.2","language":"en","enabled_languages":["de","en"],"languages":{"de":{"title":true,"content":true,"excerpt":false},"en":{"title":false,"content":false,"excerpt":false}}},"aioseo_notices":[],"_links":{"self":[{"href":"https:\/\/www.porphyrie-leberring.de\/en\/wp-json\/wp\/v2\/pages\/503","targetHints":{"allow":["GET"]}}],"collection":[{"href":"https:\/\/www.porphyrie-leberring.de\/en\/wp-json\/wp\/v2\/pages"}],"about":[{"href":"https:\/\/www.porphyrie-leberring.de\/en\/wp-json\/wp\/v2\/types\/page"}],"author":[{"embeddable":true,"href":"https:\/\/www.porphyrie-leberring.de\/en\/wp-json\/wp\/v2\/users\/4"}],"replies":[{"embeddable":true,"href":"https:\/\/www.porphyrie-leberring.de\/en\/wp-json\/wp\/v2\/comments?post=503"}],"version-history":[{"count":5,"href":"https:\/\/www.porphyrie-leberring.de\/en\/wp-json\/wp\/v2\/pages\/503\/revisions"}],"predecessor-version":[{"id":1208,"href":"https:\/\/www.porphyrie-leberring.de\/en\/wp-json\/wp\/v2\/pages\/503\/revisions\/1208"}],"up":[{"embeddable":true,"href":"https:\/\/www.porphyrie-leberring.de\/en\/wp-json\/wp\/v2\/pages\/439"}],"wp:attachment":[{"href":"https:\/\/www.porphyrie-leberring.de\/en\/wp-json\/wp\/v2\/media?parent=503"}],"curies":[{"name":"wp","href":"https:\/\/api.w.org\/{rel}","templated":true}]}}