{"id":482,"date":"2017-04-07T23:58:19","date_gmt":"2017-04-07T21:58:19","guid":{"rendered":"http:\/\/www.porphyrie-leberring.de\/?page_id=482"},"modified":"2017-04-07T23:58:19","modified_gmt":"2017-04-07T21:58:19","slug":"anfahrt","status":"publish","type":"page","link":"https:\/\/www.porphyrie-leberring.de\/en\/anfahrt\/","title":{"rendered":"Anfahrt"},"content":{"rendered":"<h3>Besucher-Adresse der Beratungsstelle:<\/h3>\n<p>Klingsorstra\u00dfe 107 in Berlin-Steglitz<\/p>\n<h3>Anfahrthinweise f\u00fcr den Weg zum Berliner Leberring e.V. mit dem Bus 283<\/h3>\n<p>auf dem Charit\u00e9 Campus Benjamin Franklin mit den \u201e\u00d6ffentlichen\u201c: ab S\/U-Bahnhof Rathaus Steglitz nehmen Sie bitte den Bus 283 (er startet in dem kleinen Busbahnhof im Kreisel und f\u00e4hrt in Richtung \u201eMarienfelde\/Daimlerstra\u00dfe\u201c) und fahren bis zur Haltestelle Klingsorplatz. Nun stehen Sie schon direkt vor dem Nordeingang (Feuerwehrzufahrt mit Pf\u00f6rtnerhaus und Schranke). Dort k\u00f6nnen Sie den Pf\u00f6rtner nach dem Haus III fragen (bitte nicht nach dem Berliner Leberring e.V. fragen, denn den Mitarbeitern sind nicht immer alle Mieter bekannt, die auf dem Campus ans\u00e4ssig sind). Die offizielle Adresse f\u00fcr diesen Eingang lautet: Klingsorstra\u00dfe 107, 12203 Berlin-Steglitz.<br \/>\nHinter der Schranke geht es gleich nach links und nach einem Links-\/Rechtsschlenker weiter geradeaus bis zum Haus III (letztes Haus rechts). Wir sind im 1. OG rechts.<\/p>\n<p><strong>Noch ein wichtiger Achtungshinweis:<\/strong> im Busbahnhof am Rathaus Steglitz startet auch der Bus 285. Dieser f\u00e4hrt ebenfalls in Richtung Klinikum. Aber er h\u00e4lt am Haupteingang Hindenburgdamm (West). Um zu uns zu kommen, m\u00fcssen Sie zweckm\u00e4ssigerweise zum Nord-Eingang Klingsorstra\u00dfe. Dahin f\u00e4hrt nur der Bus 283.<\/p>\n<p>Aus der Gegenrichtung (Marienfelde\/Lankwitz) benutzen Sie bitte ebenfalls den Bus 283 und steigen bereits an der Haltestelle Amfortasweg aus. Immer in Fahrtrichtung des Busses, den Zebrastreifen \u00fcberqueren und nach wenigen Metern den Nebeneingang links Klingsorstrasse 95a betreten. Das Haus sehen Sie alsdann direkt vor sich. Nach ca. 50 m stehen Sie vor dem Haus 3. Wir sind im 1. OG rechts.<br \/>\nDie Busse der Linie 283 fahren tags\u00fcber im 20-Minuten-Takt.<\/p>\n<p><a href=\"http:\/\/bus-bahn-fahrplan.de\/fahrplan-berlin\/426\/bus-283-daimlerstr-berlin\" target=\"_blank\">http:\/\/bus-bahn-fahrplan.de\/fahrplan-berlin\/426\/bus-283-daimlerstr-berlin<\/a><br \/>\noder<br \/>\n<a href=\"http:\/\/buslinie-deutschland.de\/buslinie-berlin\/426-8089074\/bus-283-marienfelde\" target=\"_blank\">http:\/\/buslinie-deutschland.de\/buslinie-berlin\/426-8089074\/bus-283-marienfelde<\/a><br \/>\noder<br \/>\nFahrinfo BVG: <a href=\"http:\/\/fahrinfo.bvg.de\/\" target=\"_blank\">http:\/\/fahrinfo.bvg.de<\/a><\/p>\n<p><strong>Linienverlauf als PDF:<\/strong> <a href=\"http:\/\/www.bvg.de\/images\/content\/linienverlaeufe\/LinienverlaufBus283.pdf\" target=\"_blank\">http:\/\/www.bvg.de\/images\/content\/linienverlaeufe\/LinienverlaufBus283.pdf<\/a><\/p>\n<h3>Anfahrthinweise f\u00fcr den Weg zum Berliner Leberring e.V. mit dem Pkw:<\/h3>\n<p>Abfahrt von der Steglitzer Stadtautobahn (BAB 103). Am Ende der Autobahn linke Fahrbahn w\u00e4hlen \u2013 links abbiegen und links in die Birkbuschstra\u00dfe einbiegen. An der dritten Ampel (Klingsorstra\u00dfe) rechts einbiegen. An der n\u00e4chsten Ampel befindet sich links bereits die Feuerwehrzufahrt zum Campus (H\u00f6he Klingsorplatz). Sie sollten sich m\u00f6glichst noch vor der Ampel einen Parkplatz suchen, da die Einfahrt ins Klinikgel\u00e4nde in der Regel nicht m\u00f6glich ist.<\/p>\n<h3>Streckenbeschreibung von \u201eUnter den Eichen\u201c:<\/h3>\n<p>An der Ampelkreuzung Hindenburgdamm (Tankstelle rechts vor der Ampel) nach rechts abbiegen. Hinter der S-Bahn-Unterf\u00fchrung rechts halten (weiter Hindenburgdamm). An der Ampelkreuzung Augusta-\/Klingsorstra\u00dfe links in die Klingsorstra\u00dfe einbiegen und weiter bis zum Klingsorplatz. Vor oder hinter der Ampel Parkplatz suchen (siehe vorheriger Absatz). Hier befindet sich nun der Nordeingang zum Campus (Feuerwehrzufahrt mit Pf\u00f6rtnerhaus und Schranke). Dort k\u00f6nnen Sie den Pf\u00f6rtner nach dem Haus III fragen (bitte nicht nach dem Berliner Leberring fragen. Den Mitarbeitern sind nicht immer alle Mieter bekannt, die auf dem Campus ans\u00e4ssig sind). Die offizielle Adresse f\u00fcr diesen Eingang lautet: Klingsorstra\u00dfe 107, 12203 BerlinSteglitz. Hinter der Schranke geht es gleich nach links und nach einem Links-\/Rechtsschlenker weiter geradeaus bis zum Haus III (letztes Haus rechts). Wir sind im 1. OG rechts.<\/p>\n<p><a href=\"http:\/\/maps.google.de\/maps?hl=de&#038;q=berlin+klingsorstrasse+107&#038;gs_sm=e&#038;gs_upl=6443l14633l1l15055l13l13l0l0l0l0l56l650l13l13l0&#038;bav=on.2,or.r_gc.r_pw.,cf.osb&#038;biw=1633&#038;bih=829&#038;wrapid=tlif132839167063110&#038;um=1&#038;ie=UTF-8&#038;hq=&#038;hnear=0x47a85aed60b27c85:0xc402ca71de82ed40,Klingsorstra%C3%9Fe+107,+D-12203+Berlin&#038;gl=de&#038;ei=D6YtT8n0Lc7MsgbjnISGDQ&#038;sa=X&#038;oi=geocode_result&#038;ct=title&#038;resnum=1&#038;ved=0CC4Q8gEwAA\" target=\"_blank\">Hier geht es zur Kartenansicht von Google Maps.<\/a><\/p>\n<figure id=\"attachment_483\" aria-describedby=\"caption-attachment-483\" style=\"width: 630px\" class=\"wp-caption aligncenter\"><img loading=\"lazy\" decoding=\"async\" src=\"http:\/\/www.porphyrie-leberring.de\/wp-content\/uploads\/2017\/04\/blr-anfahrt-2012.jpg\" alt=\"Anfahrt zum Berliner Leberring e.V.\" width=\"630\" height=\"630\" class=\"size-full wp-image-483\" srcset=\"https:\/\/www.porphyrie-leberring.de\/wp-content\/uploads\/2017\/04\/blr-anfahrt-2012.jpg 630w, https:\/\/www.porphyrie-leberring.de\/wp-content\/uploads\/2017\/04\/blr-anfahrt-2012-150x150.jpg 150w, https:\/\/www.porphyrie-leberring.de\/wp-content\/uploads\/2017\/04\/blr-anfahrt-2012-300x300.jpg 300w, https:\/\/www.porphyrie-leberring.de\/wp-content\/uploads\/2017\/04\/blr-anfahrt-2012-600x600.jpg 600w, https:\/\/www.porphyrie-leberring.de\/wp-content\/uploads\/2017\/04\/blr-anfahrt-2012-144x144.jpg 144w\" sizes=\"auto, (max-width: 630px) 100vw, 630px\" \/><figcaption id=\"caption-attachment-483\" class=\"wp-caption-text\">Anfahrt zum Berliner Leberring e.V.<\/figcaption><\/figure>\n","protected":false},"excerpt":{"rendered":"<p>Besucher-Adresse der Beratungsstelle: Klingsorstra\u00dfe 107 in Berlin-Steglitz Anfahrthinweise f\u00fcr den Weg zum Berliner Leberring e.V. mit dem Bus 283 auf dem Charit\u00e9 Campus Benjamin Franklin mit den \u201e\u00d6ffentlichen\u201c: ab S\/U-Bahnhof Rathaus Steglitz nehmen Sie bitte den Bus 283 (er startet in dem kleinen Busbahnhof im Kreisel und f\u00e4hrt in Richtung \u201eMarienfelde\/Daimlerstra\u00dfe\u201c) und fahren bis zur [&hellip;]<\/p>\n","protected":false},"author":1,"featured_media":0,"parent":0,"menu_order":0,"comment_status":"closed","ping_status":"closed","template":"","meta":{"footnotes":""},"class_list":["post-482","page","type-page","status-publish","czr-hentry"],"translation":{"provider":"WPGlobus","version":"3.0.2","language":"en","enabled_languages":["de","en"],"languages":{"de":{"title":true,"content":true,"excerpt":false},"en":{"title":false,"content":false,"excerpt":false}}},"aioseo_notices":[],"_links":{"self":[{"href":"https:\/\/www.porphyrie-leberring.de\/en\/wp-json\/wp\/v2\/pages\/482","targetHints":{"allow":["GET"]}}],"collection":[{"href":"https:\/\/www.porphyrie-leberring.de\/en\/wp-json\/wp\/v2\/pages"}],"about":[{"href":"https:\/\/www.porphyrie-leberring.de\/en\/wp-json\/wp\/v2\/types\/page"}],"author":[{"embeddable":true,"href":"https:\/\/www.porphyrie-leberring.de\/en\/wp-json\/wp\/v2\/users\/1"}],"replies":[{"embeddable":true,"href":"https:\/\/www.porphyrie-leberring.de\/en\/wp-json\/wp\/v2\/comments?post=482"}],"version-history":[{"count":3,"href":"https:\/\/www.porphyrie-leberring.de\/en\/wp-json\/wp\/v2\/pages\/482\/revisions"}],"predecessor-version":[{"id":486,"href":"https:\/\/www.porphyrie-leberring.de\/en\/wp-json\/wp\/v2\/pages\/482\/revisions\/486"}],"wp:attachment":[{"href":"https:\/\/www.porphyrie-leberring.de\/en\/wp-json\/wp\/v2\/media?parent=482"}],"curies":[{"name":"wp","href":"https:\/\/api.w.org\/{rel}","templated":true}]}}