{"id":445,"date":"2017-03-09T16:50:42","date_gmt":"2017-03-09T15:50:42","guid":{"rendered":"http:\/\/www.porphyrie-leberring.de\/?page_id=445"},"modified":"2020-11-17T14:08:52","modified_gmt":"2020-11-17T13:08:52","slug":"flyer-zum-herunterladen","status":"publish","type":"page","link":"https:\/\/www.porphyrie-leberring.de\/en\/informationsmaterialien\/flyer-zum-herunterladen\/","title":{"rendered":"Flyer zum herunterladen"},"content":{"rendered":"<h3>Informationen zu unserer Porphyrie-Gruppe<\/h3>\n<p>Ein Flyer mit Informationsmaterialien \u00fcber unsere aktive <a href=\"http:\/\/www.porphyrie-leberring.de\/neuigkeiten\/unsere-gruppe\/\" target=\"_blank\" rel=\"noopener noreferrer\">Gruppe<\/a>.<\/p>\n<p><a href=\"http:\/\/www.porphyrie-leberring.de\/wp-content\/uploads\/2019\/10\/Flyer-Porphyrie-09.2019.pdf\">Neuer Flyer \u00fcber unsere Gruppe<\/a><\/p>\n<p>&nbsp;<\/p>\n<h3>Ratgeber Porphyrie<\/h3>\n<p>Ein Flyer des Gastro-Liga e.V., in welchem den Betroffenen die wichtigsten Informationen zur Porphyrie vermittelt werden.<\/p>\n<p><a title=\"Ratgeber Porphyrie (Gastro Liga e.V.)\" href=\"https:\/\/www.gastro-liga.de\/fileadmin\/download\/Porphyrie_153-09-16.pdf\" target=\"_blank\" rel=\"noopener noreferrer\"><button type=\"button\">Ratgeber Porphyrie (Gastro Liga e.V.)<\/button><\/a><\/p>\n<p>&nbsp;<\/p>\n<h3>Brosch\u00fcre: Porphyrien<\/h3>\n<p>Die Brosch\u00fcre des Falk Gastro Kollegs (Fortbildungseinrichtung der Dr. Falk Pharmaka GmbH) bietet mit umfassende Informationen zur Porphyrie.<\/p>\n<p><a title=\"Porphyrien (Falk Gastro-Kolleg)\" href=\"https:\/\/www.drfalkpharma.de\/uploads\/tx_toccme2\/FGK_3_15_Stoelzel_Web.pdf\" target=\"_blank\" rel=\"noopener noreferrer\"><button type=\"button\">Porphyrien (Falk Gastro-Kolleg)<\/button><\/a><\/p>\n<p>&nbsp;<\/p>\n<h3>Brosch\u00fcre: Akute Porphyrien<\/h3>\n<p>Spezielle Informationen zu akuten Porphyrien bietet diese Brosch\u00fcre des Falk Gastro Kollegs (Fortbildungseinrichtung der Dr. Falk Pharmaka GmbH).<\/p>\n<p><a title=\"Akute Porphyrie (Falk Gastro-Kolleg)\" href=\"https:\/\/www.drfalkpharma.de\/uploads\/tx_toccme2\/FGK_Porphyrien.pdf\" target=\"_blank\" rel=\"noopener noreferrer\"><button type=\"button\">Akute Porphyrie (Falk Gastro-Kolleg)<\/button><\/a><\/p>\n<p>&nbsp;<\/p>\n<h3>Informationsmaterial zur Entstehung von Sch\u00fcben<\/h3>\n<p>Von Alnylam Pharmaceuticals, Inc. bereitgestellters Informationsmaterial zur Entstehung von Porphyriesch\u00fcben, mit Ergenissen der EXPLORE-Studie zum Alltag Betroffener und einer Kurzinfo zu neuen Pr\u00e4peraten mit si-RNA.<\/p>\n<p><a href=\"http:\/\/www.porphyrie-leberring.de\/wp-content\/uploads\/2018\/05\/1.-Anylam_Booklet_0218_German_2018-May-22-4.pdf\" target=\"_blank\" rel=\"nofollow noopener noreferrer\"><button type=\"button\">Brosch\u00fcre Fortschreitende Erkenntnisse zu akuten hepatischen Porphyrien<\/button><\/a><\/p>\n<p>&nbsp;<\/p>\n<h3>Akute Porphyrien &#8211; kurz und informativ<\/h3>\n<p>Alle wichtigen Informationen \u00fcber Entstehung, Symptome, Diagnose und Ausl\u00f6ser der akuten Porphyrien gut und \u00fcbersichtlich auf einer Seite f\u00fcr den schnellen Zugriff zusammengefasst.<\/p>\n<p><a href=\"http:\/\/www.porphyrie-leberring.de\/wp-content\/uploads\/2018\/07\/information-sheet_acute-porphyrias_english.pdf\" target=\"_blank\" rel=\"noopener noreferrer\"><button type=\"button\">Information on acute porphyrias (english)<\/button><\/a><\/p>\n<p><a href=\"http:\/\/www.porphyrie-leberring.de\/wp-content\/uploads\/2018\/07\/Merkblatt_akute-porphyrien_deutsch.pdf\" target=\"_blank\" rel=\"noopener noreferrer\"><button type=\"button\">Informationsblatt zu akuten Porphyrien (deutsch)<\/button><\/a><\/p>\n<p>&nbsp;<\/p>\n<h3>Poster zu den akuten Porphyrien<\/h3>\n<p>Massive Bauchschmerzen &#8220;ohne Ursache&#8221;? Es k\u00f6nnte eine unerkannte Porphyrie zu Grunde liegen. Was das ist und wie der Schmerz entsteht, erkl\u00e4rt dieses Poster:<\/p>\n<p><a href=\"http:\/\/www.porphyrie-leberring.de\/wp-content\/uploads\/2019\/06\/poster-porphyrien_haem-o-globin.pdf\" target=\"_blank\" rel=\"noopener noreferrer\"><button type=\"button\">Poster zu den akuten Porphyrien<\/button><\/a><\/p>\n<p>&nbsp;<\/p>\n<h3>Aktuelle Medikamentenliste<\/h3>\n<p>Die <a href=\"http:\/\/www.porphyria.org.uk\/\" target=\"_blank\" rel=\"nofollow noopener noreferrer\">British Porphyria Association<\/a> ver\u00f6ffentlicht jedes Jahr eine Liste mit sicheren Medikamenten. Diese werden in Englischer Sprache ein Mal alphabetisch und ein Mal in Zuordnung zu einem spezifischen Symptom oder einer Erkrankung aufgef\u00fchrt. Hier finden Sie die Liste von 2018:<\/p>\n<p><a href=\"http:\/\/www.porphyrie-leberring.de\/wp-content\/uploads\/2020\/11\/Safe-list-Alphabetical-blue-May-20-final.pdf\" target=\"_blank\" rel=\"noopener noreferrer\"><button type=\"button\">Liste sicherer Medikamente der BPA (english)<\/button><\/a><\/p>\n<p>&nbsp;<\/p>\n<h3>An\u00e4sthesie-Empfehlungen bei Porphyrie<\/h3>\n<p>Bekanntlich k\u00f6nnen Porphyriesch\u00fcbe durch k\u00f6rperlichen Stress, lange N\u00fcchternphasen und kontraindizierte Medikamente ausgel\u00f6st werden. Diese und weitere Faktoren k\u00f6nnen bei einer Operation zusammenkommen. Da \u00fcblicherweise w\u00e4hrend medizinischer Eingriffe der Patient nicht ansprechbar ist, hat die Deutsche Gesellschaft f\u00fcr An\u00e4sthesiologie und Intensivmedizin e.V. (DGAI) Empfehlungen f\u00fcr die An\u00e4sthesie bei hepatischer Porphyrie erstellt:<\/p>\n<p><a href=\"http:\/\/www.porphyrie-leberring.de\/wp-content\/uploads\/2019\/07\/Porphyrie-An%C3%A4sthesieempfehlungen.pdf\" target=\"_blank\" rel=\"noopener noreferrer\"><button type=\"button\">An\u00e4sthesie-Empfehlungen bei hepatischer Porphyrie<\/button><\/a><\/p>\n","protected":false},"excerpt":{"rendered":"<p>Informationen zu unserer Porphyrie-Gruppe Ein Flyer mit Informationsmaterialien \u00fcber unsere aktive Gruppe. Neuer Flyer \u00fcber unsere Gruppe &nbsp; Ratgeber Porphyrie Ein Flyer des Gastro-Liga e.V., in welchem den Betroffenen die wichtigsten Informationen zur Porphyrie vermittelt werden. Ratgeber Porphyrie (Gastro Liga e.V.) &nbsp; Brosch\u00fcre: Porphyrien Die Brosch\u00fcre des Falk Gastro Kollegs (Fortbildungseinrichtung der Dr. Falk Pharmaka [&hellip;]<\/p>\n","protected":false},"author":2,"featured_media":0,"parent":439,"menu_order":0,"comment_status":"closed","ping_status":"closed","template":"","meta":{"footnotes":""},"class_list":["post-445","page","type-page","status-publish","czr-hentry"],"translation":{"provider":"WPGlobus","version":"3.0.2","language":"en","enabled_languages":["de","en"],"languages":{"de":{"title":true,"content":true,"excerpt":false},"en":{"title":false,"content":false,"excerpt":false}}},"aioseo_notices":[],"_links":{"self":[{"href":"https:\/\/www.porphyrie-leberring.de\/en\/wp-json\/wp\/v2\/pages\/445","targetHints":{"allow":["GET"]}}],"collection":[{"href":"https:\/\/www.porphyrie-leberring.de\/en\/wp-json\/wp\/v2\/pages"}],"about":[{"href":"https:\/\/www.porphyrie-leberring.de\/en\/wp-json\/wp\/v2\/types\/page"}],"author":[{"embeddable":true,"href":"https:\/\/www.porphyrie-leberring.de\/en\/wp-json\/wp\/v2\/users\/2"}],"replies":[{"embeddable":true,"href":"https:\/\/www.porphyrie-leberring.de\/en\/wp-json\/wp\/v2\/comments?post=445"}],"version-history":[{"count":35,"href":"https:\/\/www.porphyrie-leberring.de\/en\/wp-json\/wp\/v2\/pages\/445\/revisions"}],"predecessor-version":[{"id":2063,"href":"https:\/\/www.porphyrie-leberring.de\/en\/wp-json\/wp\/v2\/pages\/445\/revisions\/2063"}],"up":[{"embeddable":true,"href":"https:\/\/www.porphyrie-leberring.de\/en\/wp-json\/wp\/v2\/pages\/439"}],"wp:attachment":[{"href":"https:\/\/www.porphyrie-leberring.de\/en\/wp-json\/wp\/v2\/media?parent=445"}],"curies":[{"name":"wp","href":"https:\/\/api.w.org\/{rel}","templated":true}]}}