{"id":442,"date":"2017-03-09T16:48:11","date_gmt":"2017-03-09T15:48:11","guid":{"rendered":"http:\/\/www.porphyrie-leberring.de\/?page_id=442"},"modified":"2023-04-25T14:59:17","modified_gmt":"2023-04-25T12:59:17","slug":"broschueren-zum-bestellen","status":"publish","type":"page","link":"https:\/\/www.porphyrie-leberring.de\/en\/broschueren-zum-bestellen\/","title":{"rendered":"Brosch\u00fcren zum Bestellen"},"content":{"rendered":"<p>Zahlreiche Brosch\u00fcren zu Lebererkrankungen und Porphyrie k\u00f6nnen beim Berliner Leberring e.V. kostenlos bestellt werden &#8211; siehe Liste unten.<\/p>\n<p>Ihre Bestellung senden Sie bitte per E-Mail oder Post an:<\/p>\n<p><strong>E-Mail:<\/strong> <a href=\"mailto:kontakt@berliner-leberring.de\">kontakt@berliner-leberring.de<\/a><\/p>\n<p><strong>Postanschrift:<\/strong><br \/>\nBerliner Leberring e.V.<br \/>\nCharit\u00e9 Campus Benjamin Franklin<br \/>\nHindenburgdamm 30<br \/>\n12203 Berlin-Steglitz<\/p>\n<p>Bei gr\u00f6\u00dferen Bestellungen (Paketsendung) w\u00fcrden wir uns sehr \u00fcber eine Spende oder Portoersatz freuen.<\/p>\n<ul>\n<li>\n<p>Unser <strong>neuer Notfallausweis<\/strong> f\u00fcr Porphyrie-Patienten ist jetzt fertig und kann angefordert werden. Dem Ausweis liegt eine Liste mit spezialisierten \u00c4rzten\/Kliniken bei. &nbsp; <a href=\"https:\/\/www.porphyrie-leberring.de\/wp-content\/uploads\/2022\/04\/Porphyrie-Pass_001.jpg\" target=\"_blank\" rel=\"noopener\"><strong>Vorschau<\/strong><\/a><\/p>\n<\/li>\n<\/ul>\n<p>Nachfolgend finden Sie ein Bestellformular f\u00fcr Brosch\u00fcren:<\/p>\n<p><a href=\"https:\/\/www.porphyrie-leberring.de\/wp-content\/uploads\/2023\/04\/Bestellliste-BLR-Flyer-12.2022.pdf\" target=\"_blank\" rel=\"noopener\">Bestellliste 2023 Flyer Berliner Leberring e.V.<\/a><\/p>\n","protected":false},"excerpt":{"rendered":"<p>Zahlreiche Brosch\u00fcren zu Lebererkrankungen und Porphyrie k\u00f6nnen beim Berliner Leberring e.V. kostenlos bestellt werden &#8211; siehe Liste unten. Ihre Bestellung senden Sie bitte per E-Mail oder Post an: E-Mail: kontakt@berliner-leberring.de Postanschrift: Berliner Leberring e.V. Charit\u00e9 Campus Benjamin Franklin Hindenburgdamm 30 12203 Berlin-Steglitz Bei gr\u00f6\u00dferen Bestellungen (Paketsendung) w\u00fcrden wir uns sehr \u00fcber eine Spende oder Portoersatz [&hellip;]<\/p>\n","protected":false},"author":2,"featured_media":0,"parent":0,"menu_order":0,"comment_status":"closed","ping_status":"closed","template":"","meta":{"footnotes":""},"class_list":["post-442","page","type-page","status-publish","czr-hentry"],"translation":{"provider":"WPGlobus","version":"3.0.2","language":"en","enabled_languages":["de","en"],"languages":{"de":{"title":true,"content":true,"excerpt":false},"en":{"title":false,"content":false,"excerpt":false}}},"aioseo_notices":[],"_links":{"self":[{"href":"https:\/\/www.porphyrie-leberring.de\/en\/wp-json\/wp\/v2\/pages\/442","targetHints":{"allow":["GET"]}}],"collection":[{"href":"https:\/\/www.porphyrie-leberring.de\/en\/wp-json\/wp\/v2\/pages"}],"about":[{"href":"https:\/\/www.porphyrie-leberring.de\/en\/wp-json\/wp\/v2\/types\/page"}],"author":[{"embeddable":true,"href":"https:\/\/www.porphyrie-leberring.de\/en\/wp-json\/wp\/v2\/users\/2"}],"replies":[{"embeddable":true,"href":"https:\/\/www.porphyrie-leberring.de\/en\/wp-json\/wp\/v2\/comments?post=442"}],"version-history":[{"count":29,"href":"https:\/\/www.porphyrie-leberring.de\/en\/wp-json\/wp\/v2\/pages\/442\/revisions"}],"predecessor-version":[{"id":2501,"href":"https:\/\/www.porphyrie-leberring.de\/en\/wp-json\/wp\/v2\/pages\/442\/revisions\/2501"}],"wp:attachment":[{"href":"https:\/\/www.porphyrie-leberring.de\/en\/wp-json\/wp\/v2\/media?parent=442"}],"curies":[{"name":"wp","href":"https:\/\/api.w.org\/{rel}","templated":true}]}}