{"id":238,"date":"2016-11-14T00:34:10","date_gmt":"2016-11-13T23:34:10","guid":{"rendered":"http:\/\/www.porphyrie-leberring.de\/?page_id=238"},"modified":"2021-06-08T16:31:50","modified_gmt":"2021-06-08T14:31:50","slug":"was-ist-porphyrie","status":"publish","type":"page","link":"https:\/\/www.porphyrie-leberring.de\/en\/was-ist-porphyrie\/","title":{"rendered":"What is Porphyria"},"content":{"rendered":"<h3><strong>Porphyrien sind eine Gruppe von Erkrankungen, bei der die Bildung der sogenannten Porphyrine im K\u00f6rper gest\u00f6rt ist.<\/strong><\/h3>\n<p><strong>Porphyrine (nach dem griechischen Wort f\u00fcr den Purpurfarbstoff Porphyr &#8211; \u03c0\u03bf\u03c1\u03c6\u03c5\u03c1\u03ac) selbst sind kleine Molek\u00fcle, die im K\u00f6rper zur Bildung des roten Blutfarbstoffes H\u00e4moglobin ben\u00f6tigt werden. Dabei wird mit dem Begriff H\u00e4m (H\u00e4m &#8211; griechisch f\u00fcr Blut) ein Porphyrin-Eisen-Komplex bezeichnet, der sp\u00e4ter mit dem Protein Globulin zusammen den roten Blutfarbstoff bildet.<\/strong><\/p>\n<figure id=\"attachment_616\" aria-describedby=\"caption-attachment-616\" style=\"width: 245px\" class=\"wp-caption alignleft\"><img loading=\"lazy\" decoding=\"async\" class=\"size-full wp-image-616\" src=\"http:\/\/www.porphyrie-leberring.de\/wp-content\/uploads\/2016\/11\/Strukturformel-des-Porphyrin-Grundger\u00fcsts.jpg\" alt=\"Strukturformel des Porphyrin-Grundger\u00fcsts\" width=\"245\" height=\"234\"><figcaption id=\"caption-attachment-616\" class=\"wp-caption-text\">Strukturformel des Porphyrin-Grundger\u00fcsts<\/figcaption><\/figure>\n<p>Bei der Bildung des H\u00e4ms im K\u00f6rper, werden \u00fcber mehrere Stufen erst die Porphyrine aufgebaut und diese dann weiter zum Aufbau des H\u00e4m-Komplexes verwendet. Diese H\u00e4m-Biosynthese geschieht mit Hilfe verschiedener Enzyme. Bei den Porphyrien sind nun ein oder auch mehrere dieser Enzyme entweder nicht ausreichend vorhanden, bzw. nicht voll funktionsf\u00e4hig.<\/p>\n<p>Dies f\u00fchrt dazu, dass der Aufbau des H\u00e4m-Komplexes gest\u00f6rt ist, und es, je nachdem auf welcher Stufe der H\u00e4m-Synthese die Probleme vorkommen, zur Anreicherung von Vor- und Zwischenstufen der Porphyrine im K\u00f6rper kommt.<\/p>\n<p>Diese nicht weiter umgesetzten Porphyrine rufen im K\u00f6rper die unterschiedlichsten Probleme hervor, da sie sozusagen als Gift im eigenen K\u00f6rper wirken.<br \/>\nAbh\u00e4ngig, welche dieser Zwischenstufen vermehrt im K\u00f6rper vorkommt, kann es zu den unterschiedlichsten Symptomen bei einem Porphyrieschub kommen.<\/p>\n<p>Je nachdem, wo im K\u00f6rper die Porphyrine vermehrt anfallen oder auch welche der Zwischenstufen sich im K\u00f6rper ansammeln, unterscheidet man verschiedene <a href=\"http:\/\/www.porphyrie-leberring.de\/formen\/\" target=\"_blank\" rel=\"noopener\"><button type=\"button\">Formen<\/button><\/a> der Porphyrien.<\/p>\n","protected":false},"excerpt":{"rendered":"<p>Porphyrien sind eine Gruppe von Erkrankungen, bei der die Bildung der sogenannten Porphyrine im K\u00f6rper gest\u00f6rt ist. Porphyrine (nach dem griechischen Wort f\u00fcr den Purpurfarbstoff Porphyr &#8211; \u03c0\u03bf\u03c1\u03c6\u03c5\u03c1\u03ac) selbst sind kleine Molek\u00fcle, die im K\u00f6rper zur Bildung des roten Blutfarbstoffes H\u00e4moglobin ben\u00f6tigt werden. Dabei wird mit dem Begriff H\u00e4m (H\u00e4m &#8211; griechisch f\u00fcr Blut) ein [&hellip;]<\/p>\n","protected":false},"author":1,"featured_media":0,"parent":0,"menu_order":0,"comment_status":"closed","ping_status":"closed","template":"","meta":{"footnotes":""},"class_list":["post-238","page","type-page","status-publish","czr-hentry"],"translation":{"provider":"WPGlobus","version":"3.0.2","language":"en","enabled_languages":["de","en"],"languages":{"de":{"title":true,"content":true,"excerpt":false},"en":{"title":true,"content":false,"excerpt":false}}},"aioseo_notices":[],"_links":{"self":[{"href":"https:\/\/www.porphyrie-leberring.de\/en\/wp-json\/wp\/v2\/pages\/238","targetHints":{"allow":["GET"]}}],"collection":[{"href":"https:\/\/www.porphyrie-leberring.de\/en\/wp-json\/wp\/v2\/pages"}],"about":[{"href":"https:\/\/www.porphyrie-leberring.de\/en\/wp-json\/wp\/v2\/types\/page"}],"author":[{"embeddable":true,"href":"https:\/\/www.porphyrie-leberring.de\/en\/wp-json\/wp\/v2\/users\/1"}],"replies":[{"embeddable":true,"href":"https:\/\/www.porphyrie-leberring.de\/en\/wp-json\/wp\/v2\/comments?post=238"}],"version-history":[{"count":4,"href":"https:\/\/www.porphyrie-leberring.de\/en\/wp-json\/wp\/v2\/pages\/238\/revisions"}],"predecessor-version":[{"id":2211,"href":"https:\/\/www.porphyrie-leberring.de\/en\/wp-json\/wp\/v2\/pages\/238\/revisions\/2211"}],"wp:attachment":[{"href":"https:\/\/www.porphyrie-leberring.de\/en\/wp-json\/wp\/v2\/media?parent=238"}],"curies":[{"name":"wp","href":"https:\/\/api.w.org\/{rel}","templated":true}]}}