{"id":2173,"date":"2021-05-10T15:10:08","date_gmt":"2021-05-10T13:10:08","guid":{"rendered":"https:\/\/www.porphyrie-leberring.de\/?page_id=2173"},"modified":"2022-04-19T14:32:48","modified_gmt":"2022-04-19T12:32:48","slug":"transparenz","status":"publish","type":"page","link":"https:\/\/www.porphyrie-leberring.de\/en\/transparenz\/","title":{"rendered":"Transparenz"},"content":{"rendered":"<p>Das Thema Transparenz hat f\u00fcr die Arbeit des&nbsp;<em>Berliner Leberring e.V.<\/em>&nbsp;einen hohen Stellenwert. Deshalb stellen wir an dieser Stelle eine Selbstverpflichtung zur Transparenz ins Netz, mit allen darin aufgef\u00fchrten Materialien.<\/p>\n<h3>1. Name, Sitz, Anschrift und Gr\u00fcndungsjahr<\/h3>\n<div class=\"textwidget\">\n<p>Berliner Leberring e.V.<br \/>\nCharit\u00e9 Campus Benjamin Franklin<br \/>\nHindenburgdamm 30<br \/>\n12203 Berlin-Steglitz<\/p>\n<p>Gr\u00fcndungsjahr 1977<\/p>\n<\/div>\n<h3>2. Vollst\u00e4ndige Satzung sowie Angaben zu den Zielen unseres Vereins<\/h3>\n<p>Siehe&nbsp;<a href=\"https:\/\/www.porphyrie-leberring.de\/wp-content\/uploads\/2021\/05\/blr-satzung-2005-3.pdf\" target=\"_blank\" rel=\"noopener\">Satzung<\/a><\/p>\n<h3>3. Bescheide des Finanzamts, Angaben zur Steuerbeg\u00fcnstigung<\/h3>\n<p>Siehe&nbsp;&nbsp;<a href=\"https:\/\/www.porphyrie-leberring.de\/wp-content\/uploads\/2022\/04\/LeberringStBesch2020-1.pdf\" target=\"_blank\" rel=\"noopener\">Bescheid des Finanzamts<\/a><\/p>\n<p>Der aktuelle Freistellungsbescheid befindet sich noch in der Bearbeitung beim Finanzamt.<\/p>\n<h3>4. Name und Funktion wesentlicher Entscheidungstr\u00e4ger<\/h3>\n<p>Siehe <a href=\"https:\/\/www.porphyrie-leberring.de\/kontakt\/vorstand\/\" target=\"_blank\" rel=\"noopener\">Vorstand<\/a><\/p>\n<h3>5. Bericht \u00fcber die T\u00e4tigkeiten<\/h3>\n<p>Siehe&nbsp;<a href=\"https:\/\/www.porphyrie-leberring.de\/wp-content\/uploads\/2021\/05\/Jahrestaetigkeitsbericht-2020-2.pdf\" target=\"_blank\" rel=\"noopener\">Jahresbericht 2020<\/a><\/p>\n<h3>Siehe <a href=\"https:\/\/www.porphyrie-leberring.de\/wp-content\/uploads\/2022\/04\/Top-03-Jahrestaetigkeitsbericht-2021-fuer-Homepage-1.pdf\" target=\"_blank\" rel=\"noopener\">Jahresbericht 2021<\/a><\/h3>\n<h3>6. Personalstruktur<\/h3>\n<p>Der Beratungsstelle geh\u00f6ren gegenw\u00e4rtig 13 ehrenamtliche Mitarbeiter inklusive des<br \/>\nVorstandes an. F\u00fcr besondere Aufgaben sowie f\u00fcr die Vorbereitung und Durchf\u00fchrung<br \/>\nvon Veranstaltungen kann der Verein auf weitere Helfer zur\u00fcckgreifen, die zu solchen<br \/>\nAnl\u00e4ssen ebenfalls ehrenamtlich zur Verf\u00fcgung stehen.<\/p>\n<h3>7. Angaben zur Mittelherkunft<\/h3>\n<p>Siehe&nbsp;<a href=\"https:\/\/www.porphyrie-leberring.de\/wp-content\/uploads\/2022\/04\/TOP-04-Bericht-der-Kassenwartin-2021.pdf\" target=\"_blank\" rel=\"noopener\">Bericht der Kassenwartin<\/a><\/p>\n<p>Siehe <a href=\"https:\/\/www.porphyrie-leberring.de\/wp-content\/uploads\/2021\/05\/Selbstauskunft.pdf\" target=\"_blank\" rel=\"noopener\">Selbstauskunft<\/a><\/p>\n<h3>8. Angaben zur Mittelverwendung<\/h3>\n<p>Siehe&nbsp;<a href=\"https:\/\/www.porphyrie-leberring.de\/wp-content\/uploads\/2022\/04\/TOP-04-Bericht-der-Kassenwartin-2021.pdf\" target=\"_blank\" rel=\"noopener\">Bericht der Kassenwartin<\/a><\/p>\n<h3>9. Gesellschaftsrechtliche Verbundenheit mit Dritten<\/h3>\n<p>Deutscher Parit\u00e4tischer Landesverband Berlin&nbsp;<a href=\"https:\/\/www.paritaet-berlin.de\/\" target=\"_blank\" rel=\"noopener\">https:\/\/www.paritaet-berlin.de\/<\/a><\/p>\n<p>Deutsche Leberstiftung&nbsp;<a href=\"https:\/\/www.deutsche-leberstiftung.de\/\" target=\"_blank\" rel=\"noopener\">https:\/\/www.deutsche-leberstiftung.de\/<\/a><\/p>\n<p>Landesvereinigung Selbsthilfe Berlin e.V.&nbsp;&nbsp;<a href=\"https:\/\/lv-selbsthilfe-berlin.de\/\" target=\"_blank\" rel=\"noopener\">https:\/\/lv-selbsthilfe-berlin.de\/<\/a><\/p>\n<p>Allianz chronischer seltener Erkrankungen Achse&nbsp;<a href=\"https:\/\/www.achse-online.de\/de\/\" target=\"_blank\" rel=\"noopener\">https:\/\/www.achse-online.de\/de\/<\/a><\/p>\n<p>Deutsche Gesellschaft f\u00fcr B\u00fcrgerorientiertes Versorgungsmanagement <a href=\"https:\/\/www.dgbv-online.de\/\" target=\"_blank\" rel=\"noopener\">https:\/\/www.dgbv-online.de\/<\/a><\/p>\n<h3>10. Namen von juristischen Personen, deren Zahlungen mehr als 10 Prozent der gesamten Jahreseinnahmen ausmachen<\/h3>\n<p>Einzelspenden, die mehr als 10 Prozent der gesamten Jahreseinnahmen ausmachen, gab es nicht.<\/p>\n","protected":false},"excerpt":{"rendered":"<p>Das Thema Transparenz hat f\u00fcr die Arbeit des&nbsp;Berliner Leberring e.V.&nbsp;einen hohen Stellenwert. Deshalb stellen wir an dieser Stelle eine Selbstverpflichtung zur Transparenz ins Netz, mit allen darin aufgef\u00fchrten Materialien. 1. Name, Sitz, Anschrift und Gr\u00fcndungsjahr Berliner Leberring e.V. Charit\u00e9 Campus Benjamin Franklin Hindenburgdamm 30 12203 Berlin-Steglitz Gr\u00fcndungsjahr 1977 2. Vollst\u00e4ndige Satzung sowie Angaben zu den [&hellip;]<\/p>\n","protected":false},"author":5,"featured_media":0,"parent":0,"menu_order":0,"comment_status":"closed","ping_status":"closed","template":"","meta":{"footnotes":""},"class_list":["post-2173","page","type-page","status-publish","czr-hentry"],"translation":{"provider":"WPGlobus","version":"3.0.2","language":"en","enabled_languages":["de","en"],"languages":{"de":{"title":true,"content":true,"excerpt":false},"en":{"title":false,"content":false,"excerpt":false}}},"aioseo_notices":[],"_links":{"self":[{"href":"https:\/\/www.porphyrie-leberring.de\/en\/wp-json\/wp\/v2\/pages\/2173","targetHints":{"allow":["GET"]}}],"collection":[{"href":"https:\/\/www.porphyrie-leberring.de\/en\/wp-json\/wp\/v2\/pages"}],"about":[{"href":"https:\/\/www.porphyrie-leberring.de\/en\/wp-json\/wp\/v2\/types\/page"}],"author":[{"embeddable":true,"href":"https:\/\/www.porphyrie-leberring.de\/en\/wp-json\/wp\/v2\/users\/5"}],"replies":[{"embeddable":true,"href":"https:\/\/www.porphyrie-leberring.de\/en\/wp-json\/wp\/v2\/comments?post=2173"}],"version-history":[{"count":9,"href":"https:\/\/www.porphyrie-leberring.de\/en\/wp-json\/wp\/v2\/pages\/2173\/revisions"}],"predecessor-version":[{"id":2339,"href":"https:\/\/www.porphyrie-leberring.de\/en\/wp-json\/wp\/v2\/pages\/2173\/revisions\/2339"}],"wp:attachment":[{"href":"https:\/\/www.porphyrie-leberring.de\/en\/wp-json\/wp\/v2\/media?parent=2173"}],"curies":[{"name":"wp","href":"https:\/\/api.w.org\/{rel}","templated":true}]}}