{"id":217,"date":"2016-11-14T00:27:37","date_gmt":"2016-11-13T23:27:37","guid":{"rendered":"http:\/\/www.porphyrie-leberring.de\/?page_id=217"},"modified":"2020-08-18T14:50:18","modified_gmt":"2020-08-18T12:50:18","slug":"speziell-aip","status":"publish","type":"page","link":"https:\/\/www.porphyrie-leberring.de\/en\/speziell-aip\/","title":{"rendered":"Specifically AIP"},"content":{"rendered":"<p>Bei akuten Porphyrien wechseln symptomfreie Phasen mit akut auftretenden Porphyrie-Sch\u00fcben.<\/p>\n<figure id=\"attachment_650\" aria-describedby=\"caption-attachment-650\" style=\"width: 158px\" class=\"wp-caption alignleft\"><img loading=\"lazy\" decoding=\"async\" class=\"size-medium wp-image-650\" src=\"http:\/\/www.porphyrie-leberring.de\/wp-content\/uploads\/2016\/11\/Symptome-der-Porphyrie-158x300.jpg\" alt=\"Illustration - Symptome der Porphyrie\" width=\"158\" height=\"300\" srcset=\"https:\/\/www.porphyrie-leberring.de\/wp-content\/uploads\/2016\/11\/Symptome-der-Porphyrie-158x300.jpg 158w, https:\/\/www.porphyrie-leberring.de\/wp-content\/uploads\/2016\/11\/Symptome-der-Porphyrie.jpg 322w\" sizes=\"auto, (max-width: 158px) 100vw, 158px\" \/><figcaption id=\"caption-attachment-650\" class=\"wp-caption-text\">Illustration &#8211; Symptome der Porphyrie<\/figcaption><\/figure>\n<p>Zu den akuten Porphyrien z\u00e4hlen die akut intermittierende Porphyrie (AIP; intermittierend \u2013 zeitweise aussetzend), die heredit\u00e4re Koproporhyrie (HKP), die Porphyria Variegata (PV) und, relativ selten, ein ALA-Dehydratase-Mangel (bzw. DOSS-Porphyrie).<\/p>\n<p>Durch die zu geringe Aktivit\u00e4t des entsprechenden Enzymes kommt es zu einer Anreicherung der nicht verwerteten Zwischenstufen im K\u00f6rper. Dies sind bei den akuten Porphyrien haupts\u00e4chlich die <span style=\"font-family: Symbol, serif;\"><img loading=\"lazy\" decoding=\"async\" class=\"alignnone size-full wp-image-635\" src=\"http:\/\/www.porphyrie-leberring.de\/wp-content\/uploads\/2016\/11\/d-Symbol-e1499894170754.png\" alt=\"d-Symbol\" width=\"14\" height=\"13\"><\/span>-Aminol\u00e4vulins\u00e4ure und das Prophobilinogen, aber auch Koproporphyrinogen und Protoporphorinogen.<\/p>\n<p>Diese im Normalfall (kein Krankheitsschub bzw. auch nicht-Porphyrie-Betroffener) immer bis zu einem gewissen Grad im K\u00f6rper vorkommenden Stoffe, werden im akuten Schub in einem \u00dcberma\u00df im K\u00f6rper angereichert und sind f\u00fcr die dann auftretenden Symptome verantwortlich.<\/p>\n<p>Akute Porphyrien machen sich durch die verschiedensten Symptome bemerkbar. Wobei die auftretenden Bauchschmerzen als Hauptmerkmal zu sehen sind.<\/p>\n<table width=\"100%\">\n<tbody>\n<tr>\n<td>&nbsp;<\/td>\n<td>\n<p align=\"center\">%<\/p>\n<\/td>\n<\/tr>\n<tr>\n<td>\n<p>Bauchschmerzen<\/p>\n<\/td>\n<td>\n<p align=\"center\">85 \u2013 95<\/p>\n<\/td>\n<\/tr>\n<tr>\n<td>\n<p>Erbrechen<\/p>\n<\/td>\n<td>\n<p align=\"center\">43 \u2013 88<\/p>\n<\/td>\n<\/tr>\n<tr>\n<td>\n<p>Verstopfung (Obstipation)<\/p>\n<\/td>\n<td>\n<p align=\"center\">48 \u2013 84<\/p>\n<\/td>\n<\/tr>\n<tr>\n<td>\n<p>Muskelschw\u00e4che<\/p>\n<\/td>\n<td>\n<p align=\"center\">42 \u2013 60<\/p>\n<\/td>\n<\/tr>\n<tr>\n<td>\n<p>Mentale Symptome<\/p>\n<\/td>\n<td>\n<p align=\"center\">40 \u2013 58<\/p>\n<\/td>\n<\/tr>\n<tr>\n<td>\n<p>Gliederschmerzen<\/p>\n<\/td>\n<td>\n<p align=\"center\">50 \u2013 52<\/p>\n<\/td>\n<\/tr>\n<tr>\n<td>\n<p>Bluthochdruck (Hypertonie)<\/p>\n<\/td>\n<td>\n<p align=\"center\">36 \u2013 54<\/p>\n<\/td>\n<\/tr>\n<tr>\n<td>\n<p>Herzrasen (Tachykardie)<\/p>\n<\/td>\n<td>\n<p align=\"center\">28 \u2013 80<\/p>\n<\/td>\n<\/tr>\n<tr>\n<td>\n<p>Kr\u00e4mpfe<\/p>\n<\/td>\n<td>\n<p align=\"center\">10 \u2013 20<\/p>\n<\/td>\n<\/tr>\n<tr>\n<td>\n<p>Sensorische St\u00f6rungen<\/p>\n<\/td>\n<td>\n<p align=\"center\">9 \u2013 38<\/p>\n<\/td>\n<\/tr>\n<tr>\n<td>\n<p>Fieber<\/p>\n<\/td>\n<td>\n<p align=\"center\">9 \u2013 37<\/p>\n<\/td>\n<\/tr>\n<tr>\n<td>\n<p>Ateml\u00e4hmung<\/p>\n<\/td>\n<td>\n<p align=\"center\">9 \u2013 14<\/p>\n<\/td>\n<\/tr>\n<tr>\n<td>\n<p>Durchfall (Diarrhoe)<\/p>\n<\/td>\n<td>\n<p align=\"center\">5 &#8211; 12<\/p>\n<\/td>\n<\/tr>\n<\/tbody>\n<\/table>\n<p>Diese vielen verschiedenen Symptome k\u00f6nnen bei jedem einzelnen Patienten in unterschiedlicher Kombination und auch St\u00e4rke auftreten. Alle dieser Symptome k\u00f6nnen aber auch durch viele andere Krankheiten verursacht werden und beim auftreten dieser werden normalerweise erst eine ganze Reihe anderer Krankheiten in Betracht gezogen. An eine Porphyrie wird, wenn \u00fcberhaupt, erst sehr sp\u00e4t gedacht.<\/p>\n<p>Das kann dazu f\u00fchren, da\u00df nach dem auftreten der ersten Symptome und auch noch nach dem auftreten des ersten schweren Schubes noch Jahre vergehen k\u00f6nnen, bevor eine Porphyrie diagnostiziert wird. Dazwischen gibt es, je nachdem, welches Symptom haupts\u00e4chlich auftritt, die unterschiedlichsten Diagnosen.<\/p>\n<p>Wegen dieser Vielzahl m\u00f6glicher Beschwerden wird bei Porphyrien auch gerne von einem Cham\u00e4leon gesprochen.<\/p>\n<p>Die akuten Sch\u00fcbe einer Porphyrie lassen sich meist auf einen Ausl\u00f6ser zur\u00fcckf\u00fchren. Wird die Bildung des H\u00e4ms \u00fcber das \u201enormale\u201c Mass hinaus angeregt, so kommt es mit vermehrten Bildung der Porphyrine bzw. deren Vorstufen dann zum Ausbruch eines akuten Schubes.<\/p>\n<p>Welche Ausl\u00f6ser einen Porphyrieschub ausl\u00f6sen k\u00f6nnen, finden Sie <a href=\"http:\/\/www.porphyrie-leberring.de\/ausloeser-finden\/\" target=\"_blank\" rel=\"noopener noreferrer\">hier<\/a><\/p>\n","protected":false},"excerpt":{"rendered":"<p>Bei akuten Porphyrien wechseln symptomfreie Phasen mit akut auftretenden Porphyrie-Sch\u00fcben. Zu den akuten Porphyrien z\u00e4hlen die akut intermittierende Porphyrie (AIP; intermittierend \u2013 zeitweise aussetzend), die heredit\u00e4re Koproporhyrie (HKP), die Porphyria Variegata (PV) und, relativ selten, ein ALA-Dehydratase-Mangel (bzw. DOSS-Porphyrie). Durch die zu geringe Aktivit\u00e4t des entsprechenden Enzymes kommt es zu einer Anreicherung der nicht verwerteten [&hellip;]<\/p>\n","protected":false},"author":1,"featured_media":0,"parent":0,"menu_order":0,"comment_status":"closed","ping_status":"closed","template":"","meta":{"footnotes":""},"class_list":["post-217","page","type-page","status-publish","czr-hentry"],"translation":{"provider":"WPGlobus","version":"3.0.2","language":"en","enabled_languages":["de","en"],"languages":{"de":{"title":true,"content":true,"excerpt":false},"en":{"title":true,"content":false,"excerpt":false}}},"aioseo_notices":[],"_links":{"self":[{"href":"https:\/\/www.porphyrie-leberring.de\/en\/wp-json\/wp\/v2\/pages\/217","targetHints":{"allow":["GET"]}}],"collection":[{"href":"https:\/\/www.porphyrie-leberring.de\/en\/wp-json\/wp\/v2\/pages"}],"about":[{"href":"https:\/\/www.porphyrie-leberring.de\/en\/wp-json\/wp\/v2\/types\/page"}],"author":[{"embeddable":true,"href":"https:\/\/www.porphyrie-leberring.de\/en\/wp-json\/wp\/v2\/users\/1"}],"replies":[{"embeddable":true,"href":"https:\/\/www.porphyrie-leberring.de\/en\/wp-json\/wp\/v2\/comments?post=217"}],"version-history":[{"count":27,"href":"https:\/\/www.porphyrie-leberring.de\/en\/wp-json\/wp\/v2\/pages\/217\/revisions"}],"predecessor-version":[{"id":1982,"href":"https:\/\/www.porphyrie-leberring.de\/en\/wp-json\/wp\/v2\/pages\/217\/revisions\/1982"}],"wp:attachment":[{"href":"https:\/\/www.porphyrie-leberring.de\/en\/wp-json\/wp\/v2\/media?parent=217"}],"curies":[{"name":"wp","href":"https:\/\/api.w.org\/{rel}","templated":true}]}}