{"id":208,"date":"2016-11-14T00:24:24","date_gmt":"2016-11-13T23:24:24","guid":{"rendered":"http:\/\/www.porphyrie-leberring.de\/?page_id=208"},"modified":"2025-11-18T11:56:29","modified_gmt":"2025-11-18T10:56:29","slug":"medikamentenliste","status":"publish","type":"page","link":"https:\/\/www.porphyrie-leberring.de\/en\/medikamentenliste\/","title":{"rendered":"Medication List"},"content":{"rendered":"<p>Viele Medikamente k\u00f6nnen auf den Stoffwechselweg der H\u00e4m-Biosynthese Einfluss nehmen k\u00f6nnen. Somit sind diese bei akuten hepatischen Porphyrien auch potentielle Ausl\u00f6ser eines akuten Porphyrieschubes.<br \/>\nWas vielen Ratsuchenden bereits bekannt ist: Es gibt vorhandene Medikamentenlisten f\u00fcr Porphyrie-Betroffene. Hier ist es nicht immer leicht, eine verl\u00e4ssliche Liste zu finden. Diese Listen sind jedoch in jedem Fall eher als Anhaltspunkt zu sehen.<\/p>\n<p>Jeder Patient reagiert anders auf die entsprechenden Medikamente. Es kann durchaus sein, da\u00df ein Medikament, das auf der Liste mit einem hohen Risiko f\u00fcr einen Porphyrieschub eingestuft ist, von dem einen Patienten gut vertragen wird.<br \/>\nEbenso kann es sein, dass ein als (eher) sicher eingestuftes Medikament bei dem entsprechenden Patienten einen Schub ausl\u00f6st.<\/p>\n<p>Dadurch kann es schwierig werden, f\u00fcr Beschwerden und Erkrankungen, die nicht mit der Porphyrie zusammenh\u00e4ngen, ein geeignetes Medikament zu finden. F\u00fcr die Suche nach einem sicheren und wirksamen Medikament empfehlen wir, ein paar wichtige Punkte zu beachten.<\/p>\n<p>&nbsp;<\/p>\n<h3>Kontrolle des Beipackzettels<\/h3>\n<p>Bei neu einzunehmenden Medikamenten, aber auch bei Medikamenten, die das letzte Mal vor der Diagnose &#8220;Porphyrie&#8221; verwendet wurden, sollte immer vorher einen Blick in den Beipackzettel geworfen werden. Sofern bekannt ist, dass das Medikament akute Porphyriesch\u00fcbe ausl\u00f6sen kann, ist auf dem Beipackzettel ein entsprechender Hinweis vermerkt. H\u00e4ufig ist dieser der \u00dcberschrift <strong>\u201eWas sollten Sie vor der Einnahme von Pr\u00e4parat XYZ beachten?&#8221;<\/strong> zugeordnet.<\/p>\n<p><img loading=\"lazy\" decoding=\"async\" class=\"aligncenter size-full wp-image-607\" src=\"http:\/\/www.porphyrie-leberring.de\/wp-content\/uploads\/2016\/11\/Was-sollten-Sie-vor-der-Einnahme-beachten.jpg\" alt=\"\u00dcberschrift 'Was sollten Sie vor der Einnahme beachten' im Beipackzettel f\u00fcr Medikamente\" width=\"404\" height=\"103\" srcset=\"https:\/\/www.porphyrie-leberring.de\/wp-content\/uploads\/2016\/11\/Was-sollten-Sie-vor-der-Einnahme-beachten.jpg 404w, https:\/\/www.porphyrie-leberring.de\/wp-content\/uploads\/2016\/11\/Was-sollten-Sie-vor-der-Einnahme-beachten-300x76.jpg 300w\" sizes=\"auto, (max-width: 404px) 100vw, 404px\" \/><\/p>\n<p>Dort wird sich dann z.B. ein solcher Hinweis finden:<\/p>\n<p><img loading=\"lazy\" decoding=\"async\" class=\"aligncenter size-full wp-image-608\" src=\"http:\/\/www.porphyrie-leberring.de\/wp-content\/uploads\/2016\/11\/Hinweis.jpg\" alt=\"Erw\u00e4hnung der Porphyrie im Beipackzettel f\u00fcr Medikamente\" width=\"409\" height=\"75\" srcset=\"https:\/\/www.porphyrie-leberring.de\/wp-content\/uploads\/2016\/11\/Hinweis.jpg 409w, https:\/\/www.porphyrie-leberring.de\/wp-content\/uploads\/2016\/11\/Hinweis-300x55.jpg 300w\" sizes=\"auto, (max-width: 409px) 100vw, 409px\" \/><\/p>\n<p>Ebenso kann sich bei <strong>\u201eWarnhinweisen und Vorsichtsma\u00dfnahmen\u201c<\/strong>, aber auch bei der Auflistung von m\u00f6glichen <strong>Nebenwirkungen<\/strong> ein solcher Hinweis finden.<\/p>\n<p>Wenn der Beipackzettel einen solchen Vermerk zur Porphyrie enth\u00e4lt, ist sorgf\u00e4ltig abzuw\u00e4gen, ob ein anderes Pr\u00e4parat gew\u00e4hlt werden kann, oder ob das Risiko einer Einnahme einzugehen ist. <strong>Hierbei ist es in jedem Fall ratsam, sich eine \u00e4rztliche Meinung einzuholen.<\/strong><\/p>\n<p>&nbsp;<\/p>\n<h3>Medikamentenlisten<\/h3>\n<p>Einen \u00dcberblick \u00fcber Medikamente und Wirkstoffe, die als sicher oder risikobehaftet gelten, bieten spezielle Medikamentenlisten.<br \/>\nEs gibt mehrere Listen mit Medikamenten, die porphyrieausl\u00f6send oder sicher sein k\u00f6nnen. Von Medizinern h\u00e4ufig verwendet wird die Rote Liste, welche nur potenziell ausl\u00f6sende Medikamente enth\u00e4lt. F\u00fcr die hepatischen Porphyrien bestehen auch weitere von spezialisierten \u00c4rzten \u00fcber die Jahre zusammengestellte Listen mit gef\u00e4hrlichen, aber auch mit als sicher geltenden Medikamenten.<\/p>\n<p>Einige dieser Listen sind inzwischen auch online f\u00fcr alle zug\u00e4nglich.<\/p>\n<p>Wird bei einer spezifischen gesundheitlichen Beschwerde, die nicht mit der Porphyrie zusammenh\u00e4ngt, ein sicheres Medikament gesucht, kann auf das <a href=\"https:\/\/www.stadt-zuerich.ch\/triemli\/de\/index\/kliniken_institute\/swissporphyriacentre\/medikamenteninformation.html\" target=\"_blank\" rel=\"noopener\">Merkblatt Arzneimittel bei akuten Porphyrien<\/a> des Stadspitals Triemli in Z\u00fcrich zur\u00fcckgegriffen werden.<\/p>\n<p>Die <a href=\"http:\/\/www.porphyria.org.uk\/\" target=\"_blank\" rel=\"nofollow noopener\">British Porphyria Association<\/a> ver\u00f6ffentlicht jedes Jahr eine Liste mit sicheren Medikamenten. Diese werden in Englischer Sprache ein Mal alphabetisch und ein Mal in Zuordnung zu einem spezifischen Symptom oder einer Erkrankung aufgef\u00fchrt. Sie finden die Liste von 2020 in unserem Bereich <a href=\"https:\/\/www.porphyrie-leberring.de\/wp-content\/uploads\/2025\/11\/Medikamentenliste-2024.pdf\">https:\/\/www.porphyrie-leberring.de\/wp-content\/uploads\/2025\/11\/Medikamentenliste-2024.pdf<\/a><\/p>\n<p>Listen bieten oft eine gro\u00dfe Hilfe. Wir bitten jedoch jeden, bei Listen aus dem Internet die <strong>Vertrauensw\u00fcrdigkeit der Webseite<\/strong> und das <strong>Erstellungsdatum der Liste<\/strong> zu pr\u00fcfen.<\/p>\n<p>&nbsp;<\/p>\n<h3>Medikamenten-Datenbank mit Suchfunktion<\/h3>\n<p>Seit 2007 wird am Norwegischen Porphyrie-Zentrum NAPOS an einer Datenbank gearbeitet, in der Medikamente nach ihrem eine akute Porphyrie ausl\u00f6senden Potential eingestuft werden:<br \/>\n<a href=\"http:\/\/www.drugs-porphyria.org\/\" target=\"_blank\" rel=\"nofollow noopener\">http:\/\/www.drugs-porphyria.org\/<\/a><\/p>\n<p>Dort sind mehr als 1000 Substanzen gelistet. Die Datenbank ist in Norwegisch, Schwedisch und Englisch verf\u00fcgbar. Die englische Datenbanksuche ist unter diesem Link zu finden:<br \/>\n<a href=\"http:\/\/www.drugs-porphyria.org\/languages\/UnitedKingdom\/selsearch.php?l=gbr\" target=\"_blank\" rel=\"nofollow noopener\">http:\/\/www.drugs-porphyria.org\/languages\/UnitedKingdom\/selsearch.php?l=gbr<\/a><\/p>\n<p>Dort kann direkt nach einem Pr\u00e4parat oder Wirkstoff gesucht werden. Die Einstufung erfolgt nach verschiedenen Klassifikationen:<br \/>\n<img loading=\"lazy\" decoding=\"async\" class=\"aligncenter size-full wp-image-609\" src=\"http:\/\/www.porphyrie-leberring.de\/wp-content\/uploads\/2016\/11\/Medikamenten-Klassifikationen.jpg\" alt=\"Klassifikationen f\u00fcr Medikamente bei NAPOS\" width=\"528\" height=\"276\" srcset=\"https:\/\/www.porphyrie-leberring.de\/wp-content\/uploads\/2016\/11\/Medikamenten-Klassifikationen.jpg 528w, https:\/\/www.porphyrie-leberring.de\/wp-content\/uploads\/2016\/11\/Medikamenten-Klassifikationen-300x157.jpg 300w\" sizes=\"auto, (max-width: 528px) 100vw, 528px\" \/><\/p>\n<p>F\u00fcr die Suche nach einem Medikament wird das Suchfeld &#8220;Trade Name&#8221; verwendet. Bei der Suche nach einem Wirkstoff benutzt man das Feld &#8220;Generic Name&#8221;.<\/p>\n<p>Nicht alle Medikamente k\u00f6nnen unter dem in Deutschland bekannten Namen in der Datenbank gefunden werden. Wenn eine Suche nach einem Medikament zu keinem Ergebnis kommt, sollte nach Wirkstoff aus dem Medikament gesucht werden. Wirkstoffe eines Medikaments sind in den Beipackzetteln aufgef\u00fchrt. H\u00e4ufig sind sie auch auf der Verpackung eines Medikaments vermerkt.<\/p>\n<p>Dennoch kommt es vor, dass ein Medikament oder ein Wirkstoff gar nicht in der Datenbank gef\u00fchrt wird. Manche Suchergebnisse sind in der Datenbank vorhanden, aber als &#8220;not yet classified&#8221; &#8211; nicht klassifiert &#8211; grau hinterlegt. In beiden F\u00e4llen sollte man vor der Einnahme erst versuchen, auf anderem Wege Informationen zur Sicherheit des Medikaments zu bekommen. <strong>Dazu kann auch ein Spezialist zu Rate gezogen werden.<\/strong> Alternativ sollte auf ein anderes Medikament zur\u00fcckgegriffen werden.<\/p>\n<p>Bei Orange oder sogar Rot hinterlegten Medikamenten ist eine Einnahme ohne gleichzeitige medizinische \u00dcberwachung oder andere besondere Vorsichtsma\u00dfnahmen gef\u00e4hrlich. Bei Gelb und Grau hinterlegten sowie nicht gelisteten Medikamenten sollte eine Einnahme gut \u00fcberlegt sein.<\/p>\n<p>&nbsp;<\/p>\n<h3>Naturheilmittel und Heilkr\u00e4uter<\/h3>\n<p>Bei vielen Medikamenten ist eine schubausl\u00f6sende Wirkung bekannt. Gleichzeitig sollte man aber auch im Hinterkopf behalten, dass auch bestimmte Heilkr\u00e4uter einen Porphyrie-Schub ausl\u00f6sen k\u00f6nnen. Entscheidend ist hier nicht die Naturbelassenheit eines Medikaments, sondern dessen Effekt auf den Leberstoffwechsel. Vorsicht ist zum Beispiel bei Johanniskraut oder sogenannten &#8220;Schwedenkr\u00e4utermischungen&#8221; geboten.<br \/>\nSchlie\u00dflich ist auch zu ber\u00fccksichtigen, dass bestimmte Lebensmittel, die unter normalen Umst\u00e4nden als gesund gelten, Prophyriesymptome verst\u00e4rken oder Attacken ausl\u00f6sen k\u00f6nnen. Allgemein wird von dem Verzehr von Knoblauch, Grapefruit und Sauerkraut abgeraten. Allerdings sind auch Reaktionen auf bestimmte Lebensmittel nicht in Stein gemei\u00dfelt, sondern von Betroffenem zu Betroffenem unterschiedlich. W\u00e4hrend die einen auf weitere Lebensmittel verzichten, bereitet anderen der gelegentliche Genuss dieser Lebensmittel keine Probleme.<\/p>\n<p>&nbsp;<\/p>\n<h3>Was nach der Einnahme eines neuen Medikaments zus\u00e4tzlich beachtet werden sollte<\/h3>\n<p>Stellt man nach Einnahme eines Medikamentes in zeitlicher N\u00e4he den Ausbruch eines Krankheitsschubes fest, sollte man dieses Medikament f\u00fcr sich auf die Liste der potentiell gef\u00e4hrlichen Pr\u00e4parate setzen. Die aufgetretene Nebenwirkung sollte man \u00fcber die entsprechenden Stellen melden. Dies k\u00f6nnen Arzt oder Apotheker oder direkt das Bundesamt f\u00fcr Arzneimittel- und Medizinprodukte sein. Die entsprechende Adresse sollte sich auch in dem betreffenden Beipackzettel finden.<\/p>\n<p>Ebenso empfiehlt es sich, eine Liste mit den f\u00fcr sich selbst sicheren Pr\u00e4paraten zu f\u00fchren und auch eine Liste der Pr\u00e4parate, die bei einem selbst vielleicht (oder auch sicher) schon einen Schub ausgel\u00f6st haben. Diese Liste kann im Fall einer \u00e4rztlichen Behandlung verhindern, da\u00df immer wieder das einen Schub ausl\u00f6sende Pr\u00e4parat verordnet wird.<\/p>\n<p>Eine gute M\u00f6glichkeit ist auch, alle Beipackzettel von jemals eingenommenen Medikamenten in einem Ordner zu sammeln und nach sicheren und unsicheren\/gef\u00e4hrlichen Pr\u00e4paraten zu ordnen. Dazu am besten auf jedem einzelnen Beipackzettel vermerken, wie man das entsprechende Medikament vertragen hat. Sinnvolle Erg\u00e4nzungen sind zudem noch die Einnahmedauer, die Zeit und der Grund der Einnahme. Somit erh\u00e4lt man mit der Zeit eine genaue \u00dcbersicht \u00fcber mehr und mehr Pr\u00e4parate, mit deren Hilfe dann die Auswahl zuk\u00fcnftiger Medikamente einfacher wird. Diese Sammlung sollte dann auch z.B. im Falle eines Krankenhausaufenthaltes mitgef\u00fchrt werden, um die Gabe von porphyrieausl\u00f6senden Medikamenten zu verhindern. Oft wissen behandelnde \u00c4rzte wenig \u00fcber den Umgang mit AHP-Patienten und welche Vorsichtsma\u00dfnahmen zu beachten sind.<\/p>\n<p>Wenn die Porphyrie erst seit kurzem bekannt ist, kann auch in der ersten Zeit bei Arztbesuchen, Krankenhausaufenthalten oder beim Kauf von Medikamenten eine Liste mit als sicher geltenden und schubausl\u00f6senden Medikamenten oder Wirkstoffen mitgenommen werden.<\/p>\n","protected":false},"excerpt":{"rendered":"<p>Viele Medikamente k\u00f6nnen auf den Stoffwechselweg der H\u00e4m-Biosynthese Einfluss nehmen k\u00f6nnen. Somit sind diese bei akuten hepatischen Porphyrien auch potentielle Ausl\u00f6ser eines akuten Porphyrieschubes. Was vielen Ratsuchenden bereits bekannt ist: Es gibt vorhandene Medikamentenlisten f\u00fcr Porphyrie-Betroffene. Hier ist es nicht immer leicht, eine verl\u00e4ssliche Liste zu finden. Diese Listen sind jedoch in jedem Fall eher [&hellip;]<\/p>\n","protected":false},"author":1,"featured_media":0,"parent":0,"menu_order":0,"comment_status":"closed","ping_status":"closed","template":"","meta":{"footnotes":""},"class_list":["post-208","page","type-page","status-publish","czr-hentry"],"translation":{"provider":"WPGlobus","version":"3.0.2","language":"en","enabled_languages":["de","en"],"languages":{"de":{"title":true,"content":true,"excerpt":false},"en":{"title":true,"content":false,"excerpt":false}}},"aioseo_notices":[],"_links":{"self":[{"href":"https:\/\/www.porphyrie-leberring.de\/en\/wp-json\/wp\/v2\/pages\/208","targetHints":{"allow":["GET"]}}],"collection":[{"href":"https:\/\/www.porphyrie-leberring.de\/en\/wp-json\/wp\/v2\/pages"}],"about":[{"href":"https:\/\/www.porphyrie-leberring.de\/en\/wp-json\/wp\/v2\/types\/page"}],"author":[{"embeddable":true,"href":"https:\/\/www.porphyrie-leberring.de\/en\/wp-json\/wp\/v2\/users\/1"}],"replies":[{"embeddable":true,"href":"https:\/\/www.porphyrie-leberring.de\/en\/wp-json\/wp\/v2\/comments?post=208"}],"version-history":[{"count":18,"href":"https:\/\/www.porphyrie-leberring.de\/en\/wp-json\/wp\/v2\/pages\/208\/revisions"}],"predecessor-version":[{"id":1155,"href":"https:\/\/www.porphyrie-leberring.de\/en\/wp-json\/wp\/v2\/pages\/208\/revisions\/1155"}],"wp:attachment":[{"href":"https:\/\/www.porphyrie-leberring.de\/en\/wp-json\/wp\/v2\/media?parent=208"}],"curies":[{"name":"wp","href":"https:\/\/api.w.org\/{rel}","templated":true}]}}