{"id":202,"date":"2016-11-14T00:23:08","date_gmt":"2016-11-13T23:23:08","guid":{"rendered":"http:\/\/www.porphyrie-leberring.de\/?page_id=202"},"modified":"2024-12-10T16:29:27","modified_gmt":"2024-12-10T15:29:27","slug":"labore","status":"publish","type":"page","link":"https:\/\/www.porphyrie-leberring.de\/en\/labore\/","title":{"rendered":"Laboratories"},"content":{"rendered":"<p>Auf dieser Seite sind Empfehlungen zu Laboren aufgef\u00fchrt, die Analysen zur Sicherung und Differenzierung von Diagnosen bei Porphyrie durchf\u00fchren. Weitere Adressen finden Sie unter den Rubriken <a href=\"http:\/\/www.porphyrie-leberring.de\/kliniken\/\" target=\"_blank\" rel=\"noopener noreferrer\">Kliniken<\/a>, <a href=\"http:\/\/www.porphyrie-leberring.de\/kurkliniken\/\" target=\"_blank\" rel=\"noopener noreferrer\">Kur- und Rehakliniken<\/a> und <a href=\"http:\/\/www.porphyrie-leberring.de\/aerzte\/\" target=\"_blank\" rel=\"noopener noreferrer\">\u00c4rzte<\/a>.<\/p>\n<h1>Die Labore<\/h1>\n<p>Da Porphyrien zu den seltenen Erkrankungen z\u00e4hlen, gibt es nur wenige Labore, die \u00fcber hohe Kompetenz und Erfahrung auf diesem Gebiet verf\u00fcgen. Umso wichtiger ist es, bei Verdacht auf Porphyrie oder bei der Differentialdiagnostik ein entsprechend fachkundiges Labor zu finden.<\/p>\n<h2>Labore in Deutschland<\/h2>\n<h3>Karlsruhe<\/h3>\n<p>MVZ Labor PD Dr. Volkmann und Kollegen GbR<br \/>\nDr. Thomas Stauch EuSpLM\/EurClinChem<br \/>\nKlinische Chemie und Toxikologie<br \/>\n&#8211; Porphyrie-Speziallabor EPNET &#8211;<br \/>\nGerwigstra\u00dfe 67<br \/>\n76131 Karlsruhe<br \/>\nTel.: +49 (0) 721-85000 165<br \/>\nFax: +49 (0) 721-85000 115<br \/>\nWebseite: <a href=\"https:\/\/laborvolkmann.de\/analysenspektrum\/HTML\/index.html\" target=\"_blank\" rel=\"noopener noreferrer\">MVZ Labor PD Dr. Volkmann und Kollegen GbR<\/a><\/p>\n<p>Das MVZ Labor Volkmann in Karlsruhe z\u00e4hlt zu den beim <a href=\"https:\/\/porphyria.eu\/en\" target=\"_blank\" rel=\"nofollow noopener noreferrer\">European Porphyria Network (EpNet)<\/a> gelisteten Laboren. Die Porphyriezentren in <a href=\"https:\/\/www.klinikumchemnitz.de\/kliniken-bereiche\/behandlungszentren\/porphyriezentrum\" target=\"_blank\" rel=\"nofollow noopener noreferrer\">Chemnitz<\/a> und <a href=\"http:\/\/www.onkologiemuenchen.de\/\" target=\"_blank\" rel=\"nofollow noopener noreferrer\">M\u00fcnchen<\/a> unterhalten eine besondere Kooperation mit diesem Labor.<\/p>\n<h1>\u00dcbersichtskarte<\/h1>\n<p><a href=\"https:\/\/drive.google.com\/open?id=1reeumkKS7343T7j6UKbBcij17Nc&amp;usp=sharing\" target=\"_blank\" rel=\"nofollow noopener noreferrer\"><img loading=\"lazy\" decoding=\"async\" class=\"alignnone wp-image-921 size-thumbnail\" src=\"http:\/\/www.porphyrie-leberring.de\/wp-content\/uploads\/2016\/11\/karte-vorschaubild-150x150.jpg\" alt=\"Vorschaubild einer Deutschlandkarte\" width=\"150\" height=\"150\" srcset=\"https:\/\/www.porphyrie-leberring.de\/wp-content\/uploads\/2016\/11\/karte-vorschaubild-150x150.jpg 150w, https:\/\/www.porphyrie-leberring.de\/wp-content\/uploads\/2016\/11\/karte-vorschaubild-300x300.jpg 300w, https:\/\/www.porphyrie-leberring.de\/wp-content\/uploads\/2016\/11\/karte-vorschaubild-144x144.jpg 144w, https:\/\/www.porphyrie-leberring.de\/wp-content\/uploads\/2016\/11\/karte-vorschaubild.jpg 575w\" sizes=\"auto, (max-width: 150px) 100vw, 150px\" \/><\/a><\/p>\n<p>Alle Adressen von \u00c4rzten, Laboren, Kliniken, Reha- und Kurkliniken finden Sie auch auf dieser <a href=\"https:\/\/drive.google.com\/open?id=1reeumkKS7343T7j6UKbBcij17Nc&amp;usp=sharing\" target=\"_blank\" rel=\"nofollow noopener noreferrer\">Karte<\/a>. <strong>Wichtig<\/strong>: Manche Einrichtungen fallen unter mehrere Kategorien und sind daher der Vollst\u00e4ndigkeit halber mehrmals auf der Karte eingetragen. Es ist dadurch technisch leider nicht vermeidbar, dass es in manchen Karteneinstellungen zu \u00dcberlagerung der Eintr\u00e4ge kommt. Bitte nutzen Sie die Auswahl am linken Rand f\u00fcr eine bessere \u00dcbersicht, indem Sie nur Standorte der von Ihnen gesuchten Kategorie anzeigen lassen.<\/p>\n","protected":false},"excerpt":{"rendered":"<p>Auf dieser Seite sind Empfehlungen zu Laboren aufgef\u00fchrt, die Analysen zur Sicherung und Differenzierung von Diagnosen bei Porphyrie durchf\u00fchren. Weitere Adressen finden Sie unter den Rubriken Kliniken, Kur- und Rehakliniken und \u00c4rzte. Die Labore Da Porphyrien zu den seltenen Erkrankungen z\u00e4hlen, gibt es nur wenige Labore, die \u00fcber hohe Kompetenz und Erfahrung auf diesem Gebiet [&hellip;]<\/p>\n","protected":false},"author":1,"featured_media":0,"parent":0,"menu_order":0,"comment_status":"closed","ping_status":"closed","template":"","meta":{"footnotes":""},"class_list":["post-202","page","type-page","status-publish","czr-hentry"],"translation":{"provider":"WPGlobus","version":"3.0.2","language":"en","enabled_languages":["de","en"],"languages":{"de":{"title":true,"content":true,"excerpt":false},"en":{"title":true,"content":false,"excerpt":false}}},"aioseo_notices":[],"_links":{"self":[{"href":"https:\/\/www.porphyrie-leberring.de\/en\/wp-json\/wp\/v2\/pages\/202","targetHints":{"allow":["GET"]}}],"collection":[{"href":"https:\/\/www.porphyrie-leberring.de\/en\/wp-json\/wp\/v2\/pages"}],"about":[{"href":"https:\/\/www.porphyrie-leberring.de\/en\/wp-json\/wp\/v2\/types\/page"}],"author":[{"embeddable":true,"href":"https:\/\/www.porphyrie-leberring.de\/en\/wp-json\/wp\/v2\/users\/1"}],"replies":[{"embeddable":true,"href":"https:\/\/www.porphyrie-leberring.de\/en\/wp-json\/wp\/v2\/comments?post=202"}],"version-history":[{"count":10,"href":"https:\/\/www.porphyrie-leberring.de\/en\/wp-json\/wp\/v2\/pages\/202\/revisions"}],"predecessor-version":[{"id":2717,"href":"https:\/\/www.porphyrie-leberring.de\/en\/wp-json\/wp\/v2\/pages\/202\/revisions\/2717"}],"wp:attachment":[{"href":"https:\/\/www.porphyrie-leberring.de\/en\/wp-json\/wp\/v2\/media?parent=202"}],"curies":[{"name":"wp","href":"https:\/\/api.w.org\/{rel}","templated":true}]}}