{"id":199,"date":"2016-11-14T00:22:10","date_gmt":"2016-11-13T23:22:10","guid":{"rendered":"http:\/\/www.porphyrie-leberring.de\/?page_id=199"},"modified":"2020-09-15T14:11:50","modified_gmt":"2020-09-15T12:11:50","slug":"kurkliniken","status":"publish","type":"page","link":"https:\/\/www.porphyrie-leberring.de\/en\/kurkliniken\/","title":{"rendered":"Health Clinics"},"content":{"rendered":"<p>Nach der akuten Phase im Klinikum steht bei schweren Sch\u00fcben oft eine Rehabilitation an. Dabei geht es in der Regel um das Wiedererlernen von Alltagst\u00e4tigkeiten, die durch neurologische Sch\u00e4den nach einer Porphyrie-Attacke h\u00e4ufig beeintr\u00e4chtigt sind. Hier listen wir einige Einrichtung auf, die Rehabilitation, Fr\u00fchrehabilitation und andere Arten der Kur anbieten. Wenn Sie stattdessen auf der Suche nach Kontakten zu <a target=\"_blank\" rel=\"noopener noreferrer\">\u00c4rzten<\/a>, <a target=\"_blank\" rel=\"noopener noreferrer\">Kliniken<\/a> oder <a target=\"_blank\" rel=\"noopener noreferrer\">Laboren<\/a> sind, finden Sie die gew\u00fcnschten Informationen in den jeweiligen Kategorien.<\/p>\n<p>&nbsp;<\/p>\n<h1>Rehabilitation<\/h1>\n<h2>Fr\u00fchrehabilitation<\/h2>\n<p>In eine Fr\u00fchrehabilitation werden Patienten aufgenommen, die sich gem\u00e4\u00df des Phasenmodells der neurologischen Rehabilitation in Phase B befinden. Die Zielsetzung ist das Erreichen einer teilweisen Alltagskompetenz mit anschlie\u00dfender Verlegung in eine weiterf\u00fchrende Rehabilitation der n\u00e4chsth\u00f6heren Phase.<\/p>\n<p>&nbsp;<\/p>\n<h3>Bremen<\/h3>\n<p>Klinikum Bremen-Ost<br \/>\nNeurologische Fr\u00fchrehabilitation<br \/>\nZ\u00fcricher Stra\u00dfe 40<br \/>\n28325 Bremen<br \/>\nTel.: +49 (0) 421 \u2013 408 1599<br \/>\nFax: +49 (0) 421 \u2013 408 2599<br \/>\nWebseite: <a href=\"https:\/\/www.gesundheitnord.de\/kbo\/diagnostische-und-therapeutische-bereiche\/neurologische-fruehrehabilitation.html\" target=\"_blank\" rel=\"noopener noreferrer\">Neurologische Fr\u00fchreha Klinikum Bremen-Ost<\/a><\/p>\n<p>Die Neurologische Fr\u00fchrehabilitation im Klinikum Bremen-Ost richtet sich ausschlie\u00dflich an Patienten der Phase B. Hier werden am Nervensystem schwerstbetroffene Patienten unmittelbar von einer Intensivstation \u00fcbernommen. Da im Phasenmodell der neurologischen Reha mit dem \u201eFr\u00fchreha-Barthel-Index\u201c gearbeitet wird, sollte dieser zuvor vom behandelnden Arzt ausgef\u00fcllt werden.<\/p>\n<p>&nbsp;<\/p>\n<h1>\u00dcbersichtskarte<\/h1>\n<p><a href=\"https:\/\/drive.google.com\/open?id=1reeumkKS7343T7j6UKbBcij17Nc&amp;usp=sharing\" target=\"_blank\" rel=\"nofollow noopener noreferrer\"><img loading=\"lazy\" decoding=\"async\" class=\"alignnone wp-image-921 size-thumbnail\" src=\"http:\/\/www.porphyrie-leberring.de\/wp-content\/uploads\/2016\/11\/karte-vorschaubild-150x150.jpg\" alt=\"Vorschaubild einer Deutschlandkarte\" width=\"150\" height=\"150\" srcset=\"https:\/\/www.porphyrie-leberring.de\/wp-content\/uploads\/2016\/11\/karte-vorschaubild-150x150.jpg 150w, https:\/\/www.porphyrie-leberring.de\/wp-content\/uploads\/2016\/11\/karte-vorschaubild-300x300.jpg 300w, https:\/\/www.porphyrie-leberring.de\/wp-content\/uploads\/2016\/11\/karte-vorschaubild-144x144.jpg 144w, https:\/\/www.porphyrie-leberring.de\/wp-content\/uploads\/2016\/11\/karte-vorschaubild.jpg 575w\" sizes=\"auto, (max-width: 150px) 100vw, 150px\" \/><\/a><\/p>\n<p>Alle Adressen von \u00c4rzten, Laboren, Kliniken, Reha- und Kurkliniken finden Sie auch auf dieser <a href=\"https:\/\/drive.google.com\/open?id=1reeumkKS7343T7j6UKbBcij17Nc&amp;usp=sharing\" target=\"_blank\" rel=\"nofollow noopener noreferrer\">Karte<\/a>. <strong>Wichtig<\/strong>: Manche Einrichtungen fallen unter mehrere Kategorien und sind daher der Vollst\u00e4ndigkeit halber mehrmals auf der Karte eingetragen. Es ist dadurch technisch leider nicht vermeidbar, dass es in manchen Karteneinstellungen zu \u00dcberlagerung der Eintr\u00e4ge kommt. Bitte nutzen Sie die Auswahl am linken Rand f\u00fcr eine bessere \u00dcbersicht, indem Sie nur Standorte der von Ihnen gesuchten Kategorie anzeigen lassen.<\/p>\n","protected":false},"excerpt":{"rendered":"<p>Nach der akuten Phase im Klinikum steht bei schweren Sch\u00fcben oft eine Rehabilitation an. Dabei geht es in der Regel um das Wiedererlernen von Alltagst\u00e4tigkeiten, die durch neurologische Sch\u00e4den nach einer Porphyrie-Attacke h\u00e4ufig beeintr\u00e4chtigt sind. Hier listen wir einige Einrichtung auf, die Rehabilitation, Fr\u00fchrehabilitation und andere Arten der Kur anbieten. Wenn Sie stattdessen auf der [&hellip;]<\/p>\n","protected":false},"author":1,"featured_media":0,"parent":0,"menu_order":0,"comment_status":"closed","ping_status":"closed","template":"","meta":{"footnotes":""},"class_list":["post-199","page","type-page","status-publish","czr-hentry"],"translation":{"provider":"WPGlobus","version":"3.0.2","language":"en","enabled_languages":["de","en"],"languages":{"de":{"title":true,"content":true,"excerpt":false},"en":{"title":true,"content":false,"excerpt":false}}},"aioseo_notices":[],"_links":{"self":[{"href":"https:\/\/www.porphyrie-leberring.de\/en\/wp-json\/wp\/v2\/pages\/199","targetHints":{"allow":["GET"]}}],"collection":[{"href":"https:\/\/www.porphyrie-leberring.de\/en\/wp-json\/wp\/v2\/pages"}],"about":[{"href":"https:\/\/www.porphyrie-leberring.de\/en\/wp-json\/wp\/v2\/types\/page"}],"author":[{"embeddable":true,"href":"https:\/\/www.porphyrie-leberring.de\/en\/wp-json\/wp\/v2\/users\/1"}],"replies":[{"embeddable":true,"href":"https:\/\/www.porphyrie-leberring.de\/en\/wp-json\/wp\/v2\/comments?post=199"}],"version-history":[{"count":13,"href":"https:\/\/www.porphyrie-leberring.de\/en\/wp-json\/wp\/v2\/pages\/199\/revisions"}],"predecessor-version":[{"id":2012,"href":"https:\/\/www.porphyrie-leberring.de\/en\/wp-json\/wp\/v2\/pages\/199\/revisions\/2012"}],"wp:attachment":[{"href":"https:\/\/www.porphyrie-leberring.de\/en\/wp-json\/wp\/v2\/media?parent=199"}],"curies":[{"name":"wp","href":"https:\/\/api.w.org\/{rel}","templated":true}]}}