{"id":193,"date":"2016-11-14T00:19:57","date_gmt":"2016-11-13T23:19:57","guid":{"rendered":"http:\/\/www.porphyrie-leberring.de\/?page_id=193"},"modified":"2020-09-15T14:05:36","modified_gmt":"2020-09-15T12:05:36","slug":"kliniken","status":"publish","type":"page","link":"https:\/\/www.porphyrie-leberring.de\/en\/kliniken\/","title":{"rendered":"Clinics"},"content":{"rendered":"<p>Bei einem schweren Schub ist oft die station\u00e4re Aufnahme in einem Klinikum erforderlich. Wenn Sie auf der Suche nach einem ambulanten Termin, einer Rehabilitationseinrichtung oder einem Labor sind, finden Sie unter den Rubriken <a href=\"http:\/\/www.porphyrie-leberring.de\/aerzte\/\" target=\"_blank\" rel=\"noopener noreferrer\">\u00c4rzte<\/a>, <a href=\"http:\/\/www.porphyrie-leberring.de\/kurkliniken\/\" target=\"_blank\" rel=\"noopener noreferrer\">Kurkliniken<\/a> und <a href=\"http:\/\/www.porphyrie-leberring.de\/labore\/\" target=\"_blank\" rel=\"noopener noreferrer\">Labore<\/a> weitere Adressen.<\/p>\n<p>Im Folgenden sind Kontaktdaten von Kompetenzzentren und Kliniken aufgef\u00fchrt, an die Sie sich im Falle einer akuten Attacke wenden k\u00f6nnen.<\/p>\n<p>&nbsp;<\/p>\n<h1>Kliniken<\/h1>\n<h2>Kliniken in Deutschland<\/h2>\n<h3>Bremen<\/h3>\n<p>Klinikum Bremen-Ost<br \/>\nZ\u00fcricher Stra\u00dfe 40<br \/>\n28325 Bremen<br \/>\nTel.: +49 (0) 421 \u2013 408 1599<br \/>\nFax: +49 (0) 421 \u2013 408 2599<br \/>\nWebseite: <a href=\"https:\/\/www.gesundheitnord.de\/krankenhaeuserundzentren\/kbo.html\" target=\"_blank\" rel=\"nofollow noopener noreferrer\">Klinikum Bremen-Ost<\/a><\/p>\n<p>Die Anmeldung f\u00fcr das Klinikum Bremen-Ost erfolgt f\u00fcr Porphyrie-Betroffene \u00fcber die Neurologische <a href=\"http:\/\/www.porphyrie-leberring.de\/kurkliniken\/\" target=\"_blank\" rel=\"nofollow noopener noreferrer\">Fr\u00fchrehabilitation<\/a>. Unter den genannten Telefon- und Faxnummern erreichen Sie das Sekretariat der Neurologischen Fr\u00fchreha.<br \/>\nBei sonstigen Fragen zur Porphyrie k\u00f6nnen Betroffene sich an das Sekretariat der Inneren Medizin im Klinikum Bremen Ost wenden.<\/p>\n<p>&nbsp;<\/p>\n<h3>Chemnitz<\/h3>\n<p>Prof. Dr. med. Ulrich St\u00f6lzel<br \/>\nPorphyrie-Kompetenz-Zentrum<br \/>\nKlinikum Chemnitz<br \/>\nKlinikum f\u00fcr Innere Medizin II<br \/>\nFlemmingstra\u00dfe 2<br \/>\n09009 Chemnitz<br \/>\nTel.: +49 (0) 371 \u2013 33333 232<br \/>\nFax: +49 (0) 371 \u2013 33333 224<br \/>\nE-Mail: dr.stoelzel@porphyrie.de<br \/>\nWebseite: <a href=\"https:\/\/www.klinikumchemnitz.de\/kliniken-bereiche\/behandlungszentren\/porphyriezentrum\" target=\"_blank\" rel=\"nofollow noopener noreferrer\">Klinikum Chemnitz, Porphyriezentrum<\/a><\/p>\n<p>Das Porphyrie-Kompetenz-Zentrum in Chemnitz bietet zus\u00e4tzlich eine ambulante Sprechstunde f\u00fcr Betroffene an.<\/p>\n<h3>D\u00fcsseldorf<\/h3>\n<p>Viola K\u00fcrten<br \/>\nUniversit\u00e4tsklinikum D\u00fcsseldorf A\u00d6R<br \/>\nKlinik f\u00fcr Dermatologie<br \/>\nPorphyria Specialist Center<br \/>\nGeb\u00e4ude 11.80, EG, Raum 104<br \/>\nMoorenstra\u00dfe 5<br \/>\n40225 D\u00fcsseldorf<br \/>\nTel.: +49 (0) 211 &#8211; 81 18327<br \/>\nFax.: +49 (0) 211 &#8211; 81 16584<br \/>\nE-Mail: kuerten@med.uni-duesseldorf.de<br \/>\nWebseite: <a href=\"https:\/\/www.uniklinik-duesseldorf.de\/patienten-besucher\/klinikeninstitutezentren\/klinik-fuer-dermatologie\" target=\"_blank\" rel=\"nofollow noopener noreferrer\">Klinik f\u00fcr Dermatologie D\u00fcsseldorf<\/a><\/p>\n<p>&nbsp;<\/p>\n<h3>K\u00f6ln<\/h3>\n<p>Universit\u00e4tsklinikum K\u00f6ln<br \/>\nPoliklinik f\u00fcr Endokrinologie, Diabetologie und Pr\u00e4ventivmedizin<br \/>\nKerpener Str. 62<br \/>\n50937 K\u00f6ln<br \/>\nTel.: +49 (0) 221 \u2013 478 87021<br \/>\nE-Mail: endokrinologie@uk-koeln.de<br \/>\nWebseite: <a href=\"http:\/\/zedp.uk-koeln.de\/\" target=\"_blank\" rel=\"nofollow noopener noreferrer\">Universit\u00e4tsklinikum K\u00f6ln, Endokrinologie<\/a><\/p>\n<p>&nbsp;<\/p>\n<h3>M\u00fcnchen<\/h3>\n<p>Prof. Dr. med. Petro E. Petrides<br \/>\nH\u00e4matologisch\/Onkologische Schwerpunktpraxis<br \/>\nZweibr\u00fcckenstra\u00dfe 2, am Isartor<br \/>\n80331 M\u00fcnchen<br \/>\nTel.: +49 (0) 89 \u2013 229 009<br \/>\nE-Mail: petrides@onkologiemuenchen.de<br \/>\nWebseite: <a href=\"http:\/\/www.onkologiemuenchen.de\/\" target=\"_blank\" rel=\"nofollow noopener noreferrer\">H\u00e4matologisch\/Onkologische Schwerpunktpraxis M\u00fcnchen<\/a><\/p>\n<p>Die H\u00e4matologisch\/Onkologische Schwerpunktpraxis in M\u00fcnchen bietet neben ambulanter Behandlung auch eine station\u00e4re Aufnahme an, weshalb sie in dieser Kategorie ebenfalls gelistet ist. Informationen zur Porphyrieambulanz finden Sie in der Kategorie <a href=\"http:\/\/www.porphyrie-leberring.de\/aerzte\/\" target=\"_blank\" rel=\"noopener noreferrer\">\u00c4rzte<\/a>.<\/p>\n<p>&nbsp;<\/p>\n<h3>Rostock<\/h3>\n<p>Universit\u00e4tsklinikum Rostock<br \/>\nSektion Endokrinologie und Stoffwechselerkrankungen<br \/>\nAbteilung Gastroenterologie\/Endokrinologie<br \/>\nZentrum f\u00fcr Innere Medizin<br \/>\nErnst-Heydemann-Str. 6<br \/>\n10857 Rostock<br \/>\nTel.: +49 (0) 381 \u2013 494 7521<br \/>\nE-Mail: Endokrinologie@med.uni-rostock.de<br \/>\nWebseite: <a href=\"https:\/\/endokrinologie.med.uni-rostock.de\/\" target=\"_blank\" rel=\"noopener nofollow noreferrer\">Endokrinologie Universit\u00e4tsmedizin Rostock<\/a><\/p>\n<p>&nbsp;<\/p>\n<h2>Kliniken in der Schweiz<\/h2>\n<h3>Z\u00fcrich<\/h3>\n<p>Stadtspital Triemli<br \/>\nDr. med. Anna Minder, Leitende \u00c4rztin<br \/>\nEndokrinologie, Diabetologie, Porphyrie<br \/>\nPorphyriesprechstunde<br \/>\nBirmensdorferstrasse 497<br \/>\nCH-8063 Z\u00fcrich<br \/>\nTel.: +41 44 416 32 52<br \/>\nFax: +41 44 416 17 62<br \/>\nF\u00fcr Termine und Terminverschiebungen: <a href=\"https:\/\/www.stadt-zuerich.ch\/triemli\/de\/index\/kliniken_institute\/zentrallabor\/mailbox_labormed\/anmeldung_porphyrie_endokrino.html\" target=\"_blank\" rel=\"nofollow noopener noreferrer\">Kontaktformular<\/a><br \/>\nWebseite der <a href=\"https:\/\/www.stadt-zuerich.ch\/triemli\/de\/index\/kliniken_institute\/zentrallabor\/epp_sprechstunde.html\" target=\"_blank\" rel=\"nofollow noopener noreferrer\">Porphyrie-Sprechstunde des Stadtspitals Triemli<\/a><\/p>\n<p>Das Stadtspital Triemli und die dort integrierte Porphyrieambulanz (unter <a href=\"http:\/\/www.porphyrie-leberring.de\/aerzte\/\" target=\"_blank\" rel=\"noopener noreferrer\">\u00c4rzte<\/a> einsehbar) werden teilweise auch von Patienten aus Deutschland aufgesucht, wenn dadurch zum Beispiel eine bessere Erreichbarkeit eines Porphyrie-Spezialisten gegeben ist. Wir empfehlen jedem Betroffenen, sich im Vorfeld \u00fcber m\u00f6gliche beh\u00f6rdliche Regularien zu informieren.<\/p>\n<p>&nbsp;<\/p>\n<h1>\u00dcbersichtskarte<\/h1>\n<p><a href=\"https:\/\/drive.google.com\/open?id=1reeumkKS7343T7j6UKbBcij17Nc&amp;usp=sharing\" target=\"_blank\" rel=\"nofollow noopener noreferrer\"><img loading=\"lazy\" decoding=\"async\" class=\"alignnone wp-image-921 size-thumbnail\" src=\"http:\/\/www.porphyrie-leberring.de\/wp-content\/uploads\/2016\/11\/karte-vorschaubild-150x150.jpg\" alt=\"Vorschaubild einer Deutschlandkarte\" width=\"150\" height=\"150\" srcset=\"https:\/\/www.porphyrie-leberring.de\/wp-content\/uploads\/2016\/11\/karte-vorschaubild-150x150.jpg 150w, https:\/\/www.porphyrie-leberring.de\/wp-content\/uploads\/2016\/11\/karte-vorschaubild-300x300.jpg 300w, https:\/\/www.porphyrie-leberring.de\/wp-content\/uploads\/2016\/11\/karte-vorschaubild-144x144.jpg 144w, https:\/\/www.porphyrie-leberring.de\/wp-content\/uploads\/2016\/11\/karte-vorschaubild.jpg 575w\" sizes=\"auto, (max-width: 150px) 100vw, 150px\" \/><\/a><\/p>\n<p>Alle Adressen von \u00c4rzten, Laboren, Kliniken, Reha- und Kurkliniken finden Sie auch auf dieser <a href=\"https:\/\/drive.google.com\/open?id=1reeumkKS7343T7j6UKbBcij17Nc&amp;usp=sharing\" target=\"_blank\" rel=\"nofollow noopener noreferrer\">Karte<\/a>. <strong>Wichtig<\/strong>: Manche Einrichtungen fallen unter mehrere Kategorien und sind daher der Vollst\u00e4ndigkeit halber mehrmals auf der Karte eingetragen. Es ist dadurch technisch leider nicht vermeidbar, dass es in manchen Karteneinstellungen zu \u00dcberlagerung der Eintr\u00e4ge kommt. Bitte nutzen Sie die Auswahl am linken Rand f\u00fcr eine bessere \u00dcbersicht, indem Sie nur Standorte der von Ihnen gesuchten Kategorie anzeigen lassen.<\/p>\n<p>&nbsp;<\/p>\n<p>Weitere Zentren f\u00fcr seltene Erkrankungen werden im <a href=\"https:\/\/se-atlas.de\" target=\"_blank\" rel=\"noopener noreferrer\">se-atlas<\/a>, in der <a href=\"https:\/\/www.gelbe-liste.de\/seltene-erkrankungen\/zentren-seltene-erkrankungen\" target=\"_blank\" rel=\"nofollow noopener noreferrer\">Gelben Liste<\/a> und auf der Webseite der <a href=\"https:\/\/orpha-selbsthilfe.de\/zentren-fuer-seltene-erkrankungen-und-fuer-menschen-ohne-diagnose\/\" target=\"_blank\" rel=\"nofollow noopener noreferrer\">Orpha Selbsthilfe<\/a> aufgef\u00fchrt.<\/p>\n","protected":false},"excerpt":{"rendered":"<p>Bei einem schweren Schub ist oft die station\u00e4re Aufnahme in einem Klinikum erforderlich. Wenn Sie auf der Suche nach einem ambulanten Termin, einer Rehabilitationseinrichtung oder einem Labor sind, finden Sie unter den Rubriken \u00c4rzte, Kurkliniken und Labore weitere Adressen. Im Folgenden sind Kontaktdaten von Kompetenzzentren und Kliniken aufgef\u00fchrt, an die Sie sich im Falle einer [&hellip;]<\/p>\n","protected":false},"author":1,"featured_media":0,"parent":0,"menu_order":0,"comment_status":"closed","ping_status":"closed","template":"","meta":{"footnotes":""},"class_list":["post-193","page","type-page","status-publish","czr-hentry"],"translation":{"provider":"WPGlobus","version":"3.0.2","language":"en","enabled_languages":["de","en"],"languages":{"de":{"title":true,"content":true,"excerpt":false},"en":{"title":true,"content":false,"excerpt":false}}},"aioseo_notices":[],"_links":{"self":[{"href":"https:\/\/www.porphyrie-leberring.de\/en\/wp-json\/wp\/v2\/pages\/193","targetHints":{"allow":["GET"]}}],"collection":[{"href":"https:\/\/www.porphyrie-leberring.de\/en\/wp-json\/wp\/v2\/pages"}],"about":[{"href":"https:\/\/www.porphyrie-leberring.de\/en\/wp-json\/wp\/v2\/types\/page"}],"author":[{"embeddable":true,"href":"https:\/\/www.porphyrie-leberring.de\/en\/wp-json\/wp\/v2\/users\/1"}],"replies":[{"embeddable":true,"href":"https:\/\/www.porphyrie-leberring.de\/en\/wp-json\/wp\/v2\/comments?post=193"}],"version-history":[{"count":50,"href":"https:\/\/www.porphyrie-leberring.de\/en\/wp-json\/wp\/v2\/pages\/193\/revisions"}],"predecessor-version":[{"id":2210,"href":"https:\/\/www.porphyrie-leberring.de\/en\/wp-json\/wp\/v2\/pages\/193\/revisions\/2210"}],"wp:attachment":[{"href":"https:\/\/www.porphyrie-leberring.de\/en\/wp-json\/wp\/v2\/media?parent=193"}],"curies":[{"name":"wp","href":"https:\/\/api.w.org\/{rel}","templated":true}]}}