{"id":1848,"date":"2020-03-12T14:43:38","date_gmt":"2020-03-12T13:43:38","guid":{"rendered":"http:\/\/www.porphyrie-leberring.de\/?page_id=1848"},"modified":"2020-03-12T14:43:38","modified_gmt":"2020-03-12T13:43:38","slug":"3-porphyrie-symposium-in-berlin-vom-29-11-bis-30-11-2019","status":"publish","type":"page","link":"https:\/\/www.porphyrie-leberring.de\/en\/3-porphyrie-symposium-in-berlin-vom-29-11-bis-30-11-2019\/","title":{"rendered":"3. Porphyrie-Symposium in Berlin vom 29.11. bis 30.11.2019"},"content":{"rendered":"<p>F\u00fcr das Symposium erwarten wir hochkar\u00e4tige Referenten, die auf medizinischer und therapeutischer Ebene mit Porphyrie-Patienten arbeiten.<\/p>\n<p>Die Vortr\u00e4ge werden sich auf unterschiedliche Schwerpunkte konzentrieren, aber auch allgemeine Grundlagen zu den Porphyrien und Informationen zu neuen Entwicklungen der medizinischen Forschung bieten. <br \/>\nWie Sie bereits dem Veranstaltungsdatum entnehmen konnten, wird es auch in diesem Jahr wieder eine Aufteilung auf zwei Tage geben. <br \/>\nDer Freitag, der 29.11., richtet sich inhaltlich vorwiegend an unser medizinisches Fachpublikum. Am Samstag, den 30.11., liegt der Fokus auf patientenrelevanten Inhalten. F\u00fcr beide Tage sind Fortbildungspunkte f\u00fcr die \u00c4rzte beantragt.<br \/>\nAn beiden Veranstaltungstagen wird es die M\u00f6glichkeit zum Netzwerken und dem gegenseitigen Austausch geben.<br \/>\nDas Symposium wird in Berlin auf dem Charit\u00e9-Campus Benjamin Franklin in Steglitz stattfinden. Die Teilnahme ist f\u00fcr alle Interessierten kostenfrei.<\/p>\n<p>Weitere Informationen zu Vortragsthemen und Referenten werden in K\u00fcrze folgen. Wenden Sie sich bei Fragen gerne an das Team des Berliner Leberrings e.V.; entweder telefonisch unter der Nummer +49 (0) 30 \u2013 83 22 67 75 oder per E-Mail an <a href=\"mailto:kontakt@berliner-leberring.de\">kontakt@berliner-leberring.de<\/a>.<\/p>\n<p>\u2026\u2026\u2026.Save the Date\u2026\u2026\u2026<\/p>\n<p>Einzelheiten zum Symposium, das Anmeldungsformular und Weiteres ist am Ende des Beitrages zu finden.<\/p>\n<p><strong>Zum herunterladen und\/oder ausdrucken:<\/strong><\/p>\n<ul>\n<li>\n<p><a href=\"http:\/\/www.porphyrie-leberring.de\/wp-content\/uploads\/2019\/11\/Einladung-Porphyrie-Symposium-2019.pdf\"><button><strong>Einladung zum Porphyrie-Symposium 2019<\/strong><\/button><\/a><\/p>\n<\/li>\n<li>\n<p><a href=\"http:\/\/www.porphyrie-leberring.de\/wp-content\/uploads\/2019\/10\/Vorank\u00fcndigung-Symposium-2019.pdf\" target=\"_blank\" rel=\"noopener noreferrer\"><button><strong>Vorank\u00fcndigung Porphyrie-Symposium 2019<\/strong><\/button><\/a><\/p>\n<\/li>\n<li>\n<p><a href=\"http:\/\/www.porphyrie-leberring.de\/wp-content\/uploads\/2019\/10\/Plakat-Porphyrie-Symp-2019.pdf\" target=\"_blank\" rel=\"noopener noreferrer\"><button><strong>Plakat zum Berliner Porphyrie Symposium 2019<\/strong><\/button><\/a><\/p>\n<\/li>\n<li>\n<p><a href=\"http:\/\/www.porphyrie-leberring.de\/wp-content\/uploads\/2019\/10\/Anmeldung.2019.pdf\" target=\"_blank\" rel=\"noopener noreferrer\"><button><strong>Anmeldung zum Porphyrie-Symposium 2019<\/strong><\/button><\/a><\/p>\n<\/li>\n<li>\n<p><a href=\"http:\/\/www.porphyrie-leberring.de\/wp-content\/uploads\/2019\/10\/Anfahrt-und-Anreise-zum-Berliner-Leberring-e.V.pdf\" target=\"_blank\" rel=\"noopener noreferrer\"><button><strong>Anfahrt und Anreise zum Porphyrie-Symposium beim Berliner Leberring e.V.<\/strong><\/button><\/a><\/p>\n<\/li>\n<li>\n<p><a href=\"http:\/\/www.porphyrie-leberring.de\/wp-content\/uploads\/2019\/10\/Hotels-im-Umkreis-vom-Charit\u00e9-Campus-Benjamin-Franklin.pdf\" target=\"_blank\" rel=\"noopener noreferrer\"><button><strong>Hotels im Umkreis vom Charit\u00e9 Campus Benjamin Franklin<\/strong><\/button><\/a><\/p>\n<\/li>\n<li>\n<p><a href=\"http:\/\/www.porphyrie-leberring.de\/wp-content\/uploads\/2019\/10\/Flyer-Porphyrie-09.2019.pdf\" target=\"_blank\" rel=\"noopener noreferrer\"><button><strong>Flyer Porphyrie &#8211; Stand: 09.2019<\/strong><\/button><\/a><\/p>\n<\/li>\n<\/ul>\n","protected":false},"excerpt":{"rendered":"<p>F\u00fcr das Symposium erwarten wir hochkar\u00e4tige Referenten, die auf medizinischer und therapeutischer Ebene mit Porphyrie-Patienten arbeiten. Die Vortr\u00e4ge werden sich auf unterschiedliche Schwerpunkte konzentrieren, aber auch allgemeine Grundlagen zu den Porphyrien und Informationen zu neuen Entwicklungen der medizinischen Forschung bieten. Wie Sie bereits dem Veranstaltungsdatum entnehmen konnten, wird es auch in diesem Jahr wieder eine [&hellip;]<\/p>\n","protected":false},"author":2,"featured_media":0,"parent":0,"menu_order":0,"comment_status":"closed","ping_status":"closed","template":"","meta":{"footnotes":""},"class_list":["post-1848","page","type-page","status-publish","czr-hentry"],"translation":{"provider":"WPGlobus","version":"3.0.2","language":"en","enabled_languages":["de","en"],"languages":{"de":{"title":true,"content":true,"excerpt":false},"en":{"title":false,"content":false,"excerpt":false}}},"aioseo_notices":[],"_links":{"self":[{"href":"https:\/\/www.porphyrie-leberring.de\/en\/wp-json\/wp\/v2\/pages\/1848","targetHints":{"allow":["GET"]}}],"collection":[{"href":"https:\/\/www.porphyrie-leberring.de\/en\/wp-json\/wp\/v2\/pages"}],"about":[{"href":"https:\/\/www.porphyrie-leberring.de\/en\/wp-json\/wp\/v2\/types\/page"}],"author":[{"embeddable":true,"href":"https:\/\/www.porphyrie-leberring.de\/en\/wp-json\/wp\/v2\/users\/2"}],"replies":[{"embeddable":true,"href":"https:\/\/www.porphyrie-leberring.de\/en\/wp-json\/wp\/v2\/comments?post=1848"}],"version-history":[{"count":2,"href":"https:\/\/www.porphyrie-leberring.de\/en\/wp-json\/wp\/v2\/pages\/1848\/revisions"}],"predecessor-version":[{"id":1850,"href":"https:\/\/www.porphyrie-leberring.de\/en\/wp-json\/wp\/v2\/pages\/1848\/revisions\/1850"}],"wp:attachment":[{"href":"https:\/\/www.porphyrie-leberring.de\/en\/wp-json\/wp\/v2\/media?parent=1848"}],"curies":[{"name":"wp","href":"https:\/\/api.w.org\/{rel}","templated":true}]}}