{"id":1843,"date":"2020-03-12T14:37:33","date_gmt":"2020-03-12T13:37:33","guid":{"rendered":"http:\/\/www.porphyrie-leberring.de\/?page_id=1843"},"modified":"2020-03-12T14:37:33","modified_gmt":"2020-03-12T13:37:33","slug":"selbsthilfegruppe","status":"publish","type":"page","link":"https:\/\/www.porphyrie-leberring.de\/en\/selbsthilfegruppe\/","title":{"rendered":"Selbsthilfegruppe"},"content":{"rendered":"<h4><strong>Porphyrie<\/strong><\/h4>\n<p>Die Porphyrie ist eine seltene, angeborene Stoffwechselerkrankung, bei der die Betroffenen mit ihren Fragen oft auf sich allein gestellt sind. Im Jahr 2008 haben wir diese Gruppe gegr\u00fcndet, um f\u00fcr die Betroffenen eine bundesweit vernetzte Plattform einzurichten. Wir bieten den Informationsaustausch in der Gruppe an, verpflichten \u00e4rztliche Kapazit\u00e4ten und stellen Informationsmaterial und Notfallausweise zur Verf\u00fcgung. 2017 fand das 2. Porphyrie-Symposium f\u00fcr Betroffene und  \u00c4rzte hier bei uns am Charit\u00e9-Klinikum Benjamin Franklin statt.<\/p>\n","protected":false},"excerpt":{"rendered":"<p>Porphyrie Die Porphyrie ist eine seltene, angeborene Stoffwechselerkrankung, bei der die Betroffenen mit ihren Fragen oft auf sich allein gestellt sind. Im Jahr 2008 haben wir diese Gruppe gegr\u00fcndet, um f\u00fcr die Betroffenen eine bundesweit vernetzte Plattform einzurichten. Wir bieten den Informationsaustausch in der Gruppe an, verpflichten \u00e4rztliche Kapazit\u00e4ten und stellen Informationsmaterial und Notfallausweise zur [&hellip;]<\/p>\n","protected":false},"author":2,"featured_media":0,"parent":0,"menu_order":0,"comment_status":"closed","ping_status":"closed","template":"","meta":{"footnotes":""},"class_list":["post-1843","page","type-page","status-publish","czr-hentry"],"translation":{"provider":"WPGlobus","version":"3.0.2","language":"en","enabled_languages":["de","en"],"languages":{"de":{"title":true,"content":true,"excerpt":false},"en":{"title":false,"content":false,"excerpt":false}}},"aioseo_notices":[],"_links":{"self":[{"href":"https:\/\/www.porphyrie-leberring.de\/en\/wp-json\/wp\/v2\/pages\/1843","targetHints":{"allow":["GET"]}}],"collection":[{"href":"https:\/\/www.porphyrie-leberring.de\/en\/wp-json\/wp\/v2\/pages"}],"about":[{"href":"https:\/\/www.porphyrie-leberring.de\/en\/wp-json\/wp\/v2\/types\/page"}],"author":[{"embeddable":true,"href":"https:\/\/www.porphyrie-leberring.de\/en\/wp-json\/wp\/v2\/users\/2"}],"replies":[{"embeddable":true,"href":"https:\/\/www.porphyrie-leberring.de\/en\/wp-json\/wp\/v2\/comments?post=1843"}],"version-history":[{"count":2,"href":"https:\/\/www.porphyrie-leberring.de\/en\/wp-json\/wp\/v2\/pages\/1843\/revisions"}],"predecessor-version":[{"id":1845,"href":"https:\/\/www.porphyrie-leberring.de\/en\/wp-json\/wp\/v2\/pages\/1843\/revisions\/1845"}],"wp:attachment":[{"href":"https:\/\/www.porphyrie-leberring.de\/en\/wp-json\/wp\/v2\/media?parent=1843"}],"curies":[{"name":"wp","href":"https:\/\/api.w.org\/{rel}","templated":true}]}}