{"id":184,"date":"2016-11-14T00:11:30","date_gmt":"2016-11-13T23:11:30","guid":{"rendered":"http:\/\/www.porphyrie-leberring.de\/?page_id=184"},"modified":"2020-08-18T14:44:52","modified_gmt":"2020-08-18T12:44:52","slug":"hauptausloeser","status":"publish","type":"page","link":"https:\/\/www.porphyrie-leberring.de\/en\/hauptausloeser\/","title":{"rendered":"Main Cause"},"content":{"rendered":"<p>Die akuten Sch\u00fcbe einer akuten Porphyrie werden meist durch einen bestimmten Ausl\u00f6ser (Trigger) in Gang gesetzt. Dabei kann es sich um die verschiedensten Faktoren handeln, allen ist gemein, da\u00df sie daf\u00fcr \u201esorgen\u201c, da\u00df die H\u00e4m-Biosynthese gesteigert wird. Entweder weil der H\u00e4m-Bedarf oder der H\u00e4m-Abbau vergr\u00f6\u00dfert sind.<\/p>\n<p><strong>Eine Steigerung des H\u00e4m-Bedarfs kann zum Beispiel ausgel\u00f6st werden durch:<\/strong><\/p>\n<ul>\n<li>Arzneistoffe\/Medikamente<\/li>\n<li>Alkohol<\/li>\n<li>Rauchen<\/li>\n<li>Fasten, unregelm\u00e4\u00dfiges Essen, verminderte Kalorienzufuhr<\/li>\n<li>Einnahme von Sexualhormonen\/Antibabypille<\/li>\n<li>Blutverluste (z.B. durch Unfall, bei Frauen auch durch Menstruation)<\/li>\n<\/ul>\n<p><strong>Eine Erh\u00f6hung des H\u00e4m-Abbaus wird zum Beispiel ausgel\u00f6st durch<\/strong><\/p>\n<ul>\n<li>Infektionen<\/li>\n<li>Entz\u00fcndungen<\/li>\n<li>Stress<\/li>\n<\/ul>\n<p>Aufgrund der vielen m\u00f6glichen Ausl\u00f6ser ist es f\u00fcr Patienten wichtig zu wissen, auf welche davon er entweder empfindlich oder sogar mit einem Porphyrie-Schub reagiert, um diese vermeiden zu k\u00f6nnen. Um den oder die entsprechenden Ausl\u00f6ser zu finden, empfiehlt es sich, ein <a href=\"http:\/\/www.porphyrie-leberring.de\/ausloeser-finden\/\" target=\"_blank\" rel=\"noopener noreferrer\">Tagebuch<\/a> zu f\u00fchren.<\/p>\n","protected":false},"excerpt":{"rendered":"<p>Die akuten Sch\u00fcbe einer akuten Porphyrie werden meist durch einen bestimmten Ausl\u00f6ser (Trigger) in Gang gesetzt. Dabei kann es sich um die verschiedensten Faktoren handeln, allen ist gemein, da\u00df sie daf\u00fcr \u201esorgen\u201c, da\u00df die H\u00e4m-Biosynthese gesteigert wird. Entweder weil der H\u00e4m-Bedarf oder der H\u00e4m-Abbau vergr\u00f6\u00dfert sind. Eine Steigerung des H\u00e4m-Bedarfs kann zum Beispiel ausgel\u00f6st werden [&hellip;]<\/p>\n","protected":false},"author":1,"featured_media":0,"parent":0,"menu_order":0,"comment_status":"closed","ping_status":"closed","template":"","meta":{"footnotes":""},"class_list":["post-184","page","type-page","status-publish","czr-hentry"],"translation":{"provider":"WPGlobus","version":"3.0.2","language":"en","enabled_languages":["de","en"],"languages":{"de":{"title":true,"content":true,"excerpt":false},"en":{"title":true,"content":false,"excerpt":false}}},"aioseo_notices":[],"_links":{"self":[{"href":"https:\/\/www.porphyrie-leberring.de\/en\/wp-json\/wp\/v2\/pages\/184","targetHints":{"allow":["GET"]}}],"collection":[{"href":"https:\/\/www.porphyrie-leberring.de\/en\/wp-json\/wp\/v2\/pages"}],"about":[{"href":"https:\/\/www.porphyrie-leberring.de\/en\/wp-json\/wp\/v2\/types\/page"}],"author":[{"embeddable":true,"href":"https:\/\/www.porphyrie-leberring.de\/en\/wp-json\/wp\/v2\/users\/1"}],"replies":[{"embeddable":true,"href":"https:\/\/www.porphyrie-leberring.de\/en\/wp-json\/wp\/v2\/comments?post=184"}],"version-history":[{"count":6,"href":"https:\/\/www.porphyrie-leberring.de\/en\/wp-json\/wp\/v2\/pages\/184\/revisions"}],"predecessor-version":[{"id":1980,"href":"https:\/\/www.porphyrie-leberring.de\/en\/wp-json\/wp\/v2\/pages\/184\/revisions\/1980"}],"wp:attachment":[{"href":"https:\/\/www.porphyrie-leberring.de\/en\/wp-json\/wp\/v2\/media?parent=184"}],"curies":[{"name":"wp","href":"https:\/\/api.w.org\/{rel}","templated":true}]}}