{"id":175,"date":"2016-11-14T00:04:41","date_gmt":"2016-11-13T23:04:41","guid":{"rendered":"http:\/\/www.porphyrie-leberring.de\/?page_id=175"},"modified":"2021-06-08T16:34:24","modified_gmt":"2021-06-08T14:34:24","slug":"formen","status":"publish","type":"page","link":"https:\/\/www.porphyrie-leberring.de\/en\/formen\/","title":{"rendered":"Forms"},"content":{"rendered":"<p>Die Bildung des roten Blutfarbstoffes H\u00e4moglobin findet im K\u00f6rper an zwei verschiedenen Stellen statt. Ca. 85 Prozent des H\u00e4moglobins werden dabei im Knochenmark gebildet und dienen zur Bildung der roten Blutk\u00f6rperchen (Erythrozyten) f\u00fcr den Sauerstofftransport, die restlichen 15 Prozent werden in der Leber hergestellt und dort f\u00fcr die Bildung von Enzymen (haupts\u00e4chlich Cytochrom P450 bzw. CYP450) ben\u00f6tigt. In beiden Organen kann die Porphyrinbildung gest\u00f6rt sein.<\/p>\n<p>Daher kann man die Porphyrien nach der Art ihres Entstehungsortes einteilen. Also wo im K\u00f6rper die Porphyrine im \u00dcberma\u00df anfallen. Geschieht dies im Knochenmark, so spricht man von einer sogenannten erythropoetischen Porphyrie, ist die Leber betroffen handelt es sich um eine hepatische Porphyrie.<\/p>\n<p>Die Porphyrien lassen sich aber auch nach dem zeitlichen Auftreten der Symptome unterscheiden. Zum einen in akute Porphyrien zum anderen in nicht akute, aber auch in Formen mit Hautbeteiligung (sogenannte kutane Porphyrien) und ohne Hautbeteiligung (nicht kutane Formen).<\/p>\n<p>Die akuten Porphyrien lassen sich durch bestimmte Faktoren ausl\u00f6sen und f\u00fchren dann zu einem pl\u00f6tzlichen Ausbruch der Symptome.<\/p>\n<p><strong>Tabelle: Porphyrien-Einteilung<\/strong><\/p>\n<table width=\"100%\">\n<tbody>\n<tr>\n<th>&nbsp;<\/th>\n<th>Akut<\/th>\n<th>Nicht akut<\/th>\n<th>Hepatisch<br \/>\n(Leber)<\/th>\n<th>Erythropoetisch<br \/>\n(Knochenmark)<\/th>\n<th>Nicht-kutane Porphyrien<\/th>\n<th>Kutane Porphyrien<br \/>\n(Hautbeteiligung)<\/th>\n<\/tr>\n<tr>\n<th>Akut intermittierende Porphyrie<br \/>\n(AIP)<\/th>\n<td style=\"text-align: center;\">x<\/td>\n<td>&nbsp;<\/td>\n<td style=\"text-align: center;\">x<\/td>\n<td>&nbsp;<\/td>\n<td style=\"text-align: center;\">x<\/td>\n<td>&nbsp;<\/td>\n<\/tr>\n<tr>\n<th>Porphyria Variegata<br \/>\n(PV)<\/th>\n<td style=\"text-align: center;\">x<\/td>\n<td>&nbsp;<\/td>\n<td style=\"text-align: center;\">x<\/td>\n<td>&nbsp;<\/td>\n<td>&nbsp;<\/td>\n<td style=\"text-align: center;\">x<\/td>\n<\/tr>\n<tr>\n<th>Heredit\u00e4re Koproporphyrie<br \/>\n(HKP)<\/th>\n<td style=\"text-align: center;\">x<\/td>\n<td>&nbsp;<\/td>\n<td style=\"text-align: center;\">x<\/td>\n<td>&nbsp;<\/td>\n<td>&nbsp;<\/td>\n<td style=\"text-align: center;\">x<\/td>\n<\/tr>\n<tr>\n<th>Porphyria cutanea tarda<br \/>\n(PCT)<\/th>\n<td>&nbsp;<\/td>\n<td style=\"text-align: center;\">x<\/td>\n<td style=\"text-align: center;\">x<\/td>\n<td>&nbsp;<\/td>\n<td>&nbsp;<\/td>\n<td style=\"text-align: center;\">x<\/td>\n<\/tr>\n<tr>\n<th>Kongenital erythropoetische Porphyrie<\/th>\n<td>&nbsp;<\/td>\n<td style=\"text-align: center;\">x<\/td>\n<td>&nbsp;<\/td>\n<td style=\"text-align: center;\">x<\/td>\n<td>&nbsp;<\/td>\n<td style=\"text-align: center;\">x<\/td>\n<\/tr>\n<tr>\n<th>Erythropoetische Protoporphyrie<br \/>\n(EPP)<\/th>\n<td>&nbsp;<\/td>\n<td style=\"text-align: center;\">x<\/td>\n<td>&nbsp;<\/td>\n<td style=\"text-align: center;\">x<\/td>\n<td>&nbsp;<\/td>\n<td style=\"text-align: center;\">x<\/td>\n<\/tr>\n<tr>\n<th>ALA-Dehydrateasemangel<br \/>\n(DOSS-Porphyrie)<\/th>\n<td style=\"text-align: center;\">x<\/td>\n<td>&nbsp;<\/td>\n<td style=\"text-align: center;\">x<\/td>\n<td>&nbsp;<\/td>\n<td style=\"text-align: center;\">x<\/td>\n<td>&nbsp;<\/td>\n<\/tr>\n<tr>\n<th>Bleivergiftung<\/th>\n<td style=\"text-align: center;\">x<\/td>\n<td>&nbsp;<\/td>\n<td style=\"text-align: center;\">x<\/td>\n<td>&nbsp;<\/td>\n<td>&nbsp;<\/td>\n<td>&nbsp;<\/td>\n<\/tr>\n<\/tbody>\n<\/table>\n<p>Jede dieser Porphyrieformen wird durch einen anderen Enzymdefekt ausgel\u00f6st. F\u00fcr die Herstellung des H\u00e4ms ist ein 8-stufiger Prozess zust\u00e4ndig. Dabei kann es auf jeder einzelnen Stufe zu einem Enzymdefekt kommen. Die folgende Tabelle gibt einen \u00dcberblick, welches Enzym bei welcher Porphyrieform betroffen ist. Funktioniert eines der Enzyme nicht ausreichend, so kommt es zur Anreicherung der auf den vorherigen Stufen gebildeten Produkte bzw. Zwischenprodukte. In der Diagnostik sind vor allem die Bestimmung der Menge an&nbsp;<img loading=\"lazy\" decoding=\"async\" class=\"alignnone size-full wp-image-635\" src=\"http:\/\/www.porphyrie-leberring.de\/wp-content\/uploads\/2016\/11\/d-Symbol-e1499894170754.png\" alt=\"d-Symbol\" width=\"14\" height=\"13\">-Aminolevulins\u00e4ure und Porphobilinogen von Bedeutung.<\/p>\n<p><strong>Tabelle: Enzymdefekte bei Porphyrieformen (rot markiert sind die akut auftretenden Porphyrien)<\/strong><\/p>\n<table width=\"100%\">\n<tbody>\n<tr>\n<th>\n<p class=\"western\" align=\"center\"><b>Produkt\/Zwischenprodukt<\/b><\/p>\n<\/th>\n<th>\n<p class=\"western\" align=\"center\"><span style=\"color: #000000;\"><b>Enzym, das f\u00fcr die Umsetzung zust\u00e4ndig ist<\/b><\/span><\/p>\n<\/th>\n<th>\n<p class=\"western\" align=\"center\"><span style=\"color: #000000;\"><b>Form der Porphyrie, wenn das Enzym nicht ausreichend funktioniert<\/b><\/span><\/p>\n<\/th>\n<\/tr>\n<tr>\n<th style=\"background: #c0c0c0;\" bgcolor=\"#c0c0c0\">\n<p class=\"western\" align=\"center\"><span style=\"color: #002060;\"><b>Glycin + Succinyl-CoenzymA<\/b><\/span><\/p>\n<\/th>\n<td style=\"background: #ffffff;\" bgcolor=\"#ffffff\">&nbsp;<\/td>\n<td style=\"background: #ffffff;\" bgcolor=\"#ffffff\">&nbsp;<\/td>\n<\/tr>\n<tr>\n<th><img loading=\"lazy\" decoding=\"async\" class=\"size-full wp-image-633 aligncenter\" src=\"http:\/\/www.porphyrie-leberring.de\/wp-content\/uploads\/2016\/11\/Symbol-Pfeil-nach-unten.png\" alt=\"Symbol - Pfeil nach unten\" width=\"4\" height=\"13\"><\/th>\n<td>\n<p class=\"western\" align=\"center\"><span style=\"color: #000000;\"><img loading=\"lazy\" decoding=\"async\" class=\"alignnone size-full wp-image-635\" src=\"http:\/\/www.porphyrie-leberring.de\/wp-content\/uploads\/2016\/11\/d-Symbol-e1499894170754.png\" alt=\"d-Symbol\" width=\"14\" height=\"13\"><\/span><span style=\"color: #000000;\">-Aminolevulins\u00e4ure-Synthase<\/span><\/p>\n<\/td>\n<td>\n<p class=\"western\" align=\"center\"><span style=\"color: #000000;\">Sideroblastische An\u00e4mie<br \/>\nX-chromosomale Protoporphyrie<\/span><\/p>\n<\/td>\n<\/tr>\n<tr>\n<th style=\"background: #c0c0c0;\" bgcolor=\"#c0c0c0\">\n<p class=\"western\" align=\"center\"><span style=\"color: #002060;\"><img loading=\"lazy\" decoding=\"async\" class=\"alignnone size-full wp-image-635\" src=\"http:\/\/www.porphyrie-leberring.de\/wp-content\/uploads\/2016\/11\/d-Symbol-e1499894170754.png\" alt=\"d-Symbol\" width=\"14\" height=\"13\"><\/span><span style=\"color: #002060;\"><b>-Aminolevulins\u00e4ure<\/b><\/span><\/p>\n<\/th>\n<td style=\"background: #ffffff;\" bgcolor=\"#ffffff\">&nbsp;<\/td>\n<td style=\"background: #ffffff;\" bgcolor=\"#ffffff\">&nbsp;<\/td>\n<\/tr>\n<tr>\n<th><img loading=\"lazy\" decoding=\"async\" class=\"size-full wp-image-633 aligncenter\" src=\"http:\/\/www.porphyrie-leberring.de\/wp-content\/uploads\/2016\/11\/Symbol-Pfeil-nach-unten.png\" alt=\"Symbol - Pfeil nach unten\" width=\"4\" height=\"13\"><\/th>\n<td>\n<p class=\"western\" align=\"center\"><span style=\"color: #000000;\"><img loading=\"lazy\" decoding=\"async\" class=\"alignnone size-full wp-image-635\" src=\"http:\/\/www.porphyrie-leberring.de\/wp-content\/uploads\/2016\/11\/d-Symbol-e1499894170754.png\" alt=\"d-Symbol\" width=\"14\" height=\"13\"><\/span><span style=\"color: #000000;\">-Aminolevulins\u00e4ure-Dehydratase<\/span><\/p>\n<\/td>\n<td>\n<p class=\"western\" align=\"center\"><span style=\"color: #ff0000;\">Doss-Porphyrie<\/span><\/p>\n<\/td>\n<\/tr>\n<tr>\n<th style=\"background: #c0c0c0;\" bgcolor=\"#c0c0c0\">\n<p class=\"western\" align=\"center\"><span style=\"color: #002060;\"><b>Porphobilinogen<\/b><\/span><\/p>\n<\/th>\n<td style=\"background: #ffffff;\" bgcolor=\"#ffffff\">&nbsp;<\/td>\n<td style=\"background: #ffffff;\" bgcolor=\"#ffffff\">&nbsp;<\/td>\n<\/tr>\n<tr>\n<th><img loading=\"lazy\" decoding=\"async\" class=\"size-full wp-image-633 aligncenter\" src=\"http:\/\/www.porphyrie-leberring.de\/wp-content\/uploads\/2016\/11\/Symbol-Pfeil-nach-unten.png\" alt=\"Symbol - Pfeil nach unten\" width=\"4\" height=\"13\"><\/th>\n<td>\n<p class=\"western\" align=\"center\"><span style=\"color: #000000;\">Porphobilinogen-Desaminase<\/span><\/p>\n<\/td>\n<td>\n<p class=\"western\" align=\"center\"><span style=\"color: #ff0000;\">Akut intermittierende Porphyrie (AIP)<\/span><\/p>\n<\/td>\n<\/tr>\n<tr>\n<th style=\"background: #c0c0c0;\" bgcolor=\"#c0c0c0\">\n<p class=\"western\" align=\"center\"><span style=\"color: #002060;\"><b>Hydroxymethylbilan<\/b><\/span><\/p>\n<\/th>\n<td style=\"background: #ffffff;\" bgcolor=\"#ffffff\">&nbsp;<\/td>\n<td style=\"background: #ffffff;\" bgcolor=\"#ffffff\">&nbsp;<\/td>\n<\/tr>\n<tr>\n<th><img loading=\"lazy\" decoding=\"async\" class=\"size-full wp-image-633 aligncenter\" src=\"http:\/\/www.porphyrie-leberring.de\/wp-content\/uploads\/2016\/11\/Symbol-Pfeil-nach-unten.png\" alt=\"Symbol - Pfeil nach unten\" width=\"4\" height=\"13\"><\/th>\n<td>\n<p class=\"western\" align=\"center\"><span style=\"color: #000000;\">Uroporphyrinogen-III-Synthase<\/span><\/p>\n<\/td>\n<td>\n<p class=\"western\" align=\"center\"><span style=\"color: #000000;\">Congenitale erythropoetische Porphyrie (CEP)<\/span><\/p>\n<\/td>\n<\/tr>\n<tr>\n<th style=\"background: #c0c0c0;\" bgcolor=\"#c0c0c0\">\n<p class=\"western\" align=\"center\"><span style=\"color: #002060;\"><b>Uroporphyrinogen<\/b><\/span><\/p>\n<\/th>\n<td style=\"background: #ffffff;\" bgcolor=\"#ffffff\">&nbsp;<\/td>\n<td style=\"background: #ffffff;\" bgcolor=\"#ffffff\">&nbsp;<\/td>\n<\/tr>\n<tr>\n<th><img loading=\"lazy\" decoding=\"async\" class=\"size-full wp-image-633 aligncenter\" src=\"http:\/\/www.porphyrie-leberring.de\/wp-content\/uploads\/2016\/11\/Symbol-Pfeil-nach-unten.png\" alt=\"Symbol - Pfeil nach unten\" width=\"4\" height=\"13\"><\/th>\n<td>\n<p class=\"western\" align=\"center\"><span style=\"color: #000000;\">Uroporphyrinogen-Decarboxylase<\/span><\/p>\n<\/td>\n<td>\n<p class=\"western\" align=\"center\"><span style=\"color: #000000;\">Porphyria cutanea tards (PCT)<\/span><\/p>\n<\/td>\n<\/tr>\n<tr>\n<th style=\"background: #c0c0c0;\" bgcolor=\"#c0c0c0\">\n<p class=\"western\" align=\"center\"><span style=\"color: #002060;\"><b>Koproporphyrinogen<\/b><\/span><\/p>\n<\/th>\n<td style=\"background: #ffffff;\" bgcolor=\"#ffffff\">&nbsp;<\/td>\n<td style=\"background: #ffffff;\" bgcolor=\"#ffffff\">&nbsp;<\/td>\n<\/tr>\n<tr>\n<th><img loading=\"lazy\" decoding=\"async\" class=\"size-full wp-image-633 aligncenter\" src=\"http:\/\/www.porphyrie-leberring.de\/wp-content\/uploads\/2016\/11\/Symbol-Pfeil-nach-unten.png\" alt=\"Symbol - Pfeil nach unten\" width=\"4\" height=\"13\"><\/th>\n<td>\n<p class=\"western\" align=\"center\"><span style=\"color: #000000;\">Koproporphyrinogen-Oxidase<\/span><\/p>\n<\/td>\n<td>\n<p class=\"western\" align=\"center\"><span style=\"color: #ff0000;\">Heredit\u00e4re Koproporphyrie (HKP)<\/span><\/p>\n<\/td>\n<\/tr>\n<tr>\n<th style=\"background: #c0c0c0;\" bgcolor=\"#c0c0c0\">\n<p class=\"western\" align=\"center\"><span style=\"color: #002060;\"><b>Protoporphyrinogen<\/b><\/span><\/p>\n<\/th>\n<td style=\"background: #ffffff;\" bgcolor=\"#ffffff\">&nbsp;<\/td>\n<td style=\"background: #ffffff;\" bgcolor=\"#ffffff\">&nbsp;<\/td>\n<\/tr>\n<tr>\n<th><img loading=\"lazy\" decoding=\"async\" class=\"size-full wp-image-633 aligncenter\" src=\"http:\/\/www.porphyrie-leberring.de\/wp-content\/uploads\/2016\/11\/Symbol-Pfeil-nach-unten.png\" alt=\"Symbol - Pfeil nach unten\" width=\"4\" height=\"13\"><\/th>\n<td>\n<p class=\"western\" align=\"center\"><span style=\"color: #000000;\">Protoporphyrinogen-Oxidase<\/span><\/p>\n<\/td>\n<td>\n<p class=\"western\" align=\"center\"><span style=\"color: #ff0000;\">Porphyria variegata (PV)<\/span><\/p>\n<\/td>\n<\/tr>\n<tr>\n<th style=\"background: #c0c0c0;\" bgcolor=\"#c0c0c0\">\n<p class=\"western\" align=\"center\"><span style=\"color: #002060;\"><b>Protoporphyrin<\/b><\/span><\/p>\n<\/th>\n<td style=\"background: #ffffff;\" bgcolor=\"#ffffff\">&nbsp;<\/td>\n<td style=\"background: #ffffff;\" bgcolor=\"#ffffff\">&nbsp;<\/td>\n<\/tr>\n<tr>\n<th><img loading=\"lazy\" decoding=\"async\" class=\"size-full wp-image-633 aligncenter\" src=\"http:\/\/www.porphyrie-leberring.de\/wp-content\/uploads\/2016\/11\/Symbol-Pfeil-nach-unten.png\" alt=\"Symbol - Pfeil nach unten\" width=\"4\" height=\"13\"><\/th>\n<td>\n<p class=\"western\" align=\"center\"><span style=\"color: #000000;\">Ferrochelatase<\/span><\/p>\n<\/td>\n<td>\n<p class=\"western\" align=\"center\"><span style=\"color: #000000;\">Erythropoetische Porphyrie (EPP)<\/span><\/p>\n<\/td>\n<\/tr>\n<tr>\n<th style=\"background: #c0c0c0;\" bgcolor=\"#c0c0c0\">\n<p class=\"western\" align=\"center\"><span style=\"color: #002060;\"><b>H\u00e4m<\/b><\/span><\/p>\n<\/th>\n<td style=\"background: #ffffff;\" bgcolor=\"#ffffff\">&nbsp;<\/td>\n<td style=\"background: #ffffff;\" bgcolor=\"#ffffff\">&nbsp;<\/td>\n<\/tr>\n<\/tbody>\n<\/table>\n<p>&nbsp;<\/p>\n","protected":false},"excerpt":{"rendered":"<p>Die Bildung des roten Blutfarbstoffes H\u00e4moglobin findet im K\u00f6rper an zwei verschiedenen Stellen statt. Ca. 85 Prozent des H\u00e4moglobins werden dabei im Knochenmark gebildet und dienen zur Bildung der roten Blutk\u00f6rperchen (Erythrozyten) f\u00fcr den Sauerstofftransport, die restlichen 15 Prozent werden in der Leber hergestellt und dort f\u00fcr die Bildung von Enzymen (haupts\u00e4chlich Cytochrom P450 bzw. [&hellip;]<\/p>\n","protected":false},"author":1,"featured_media":0,"parent":0,"menu_order":0,"comment_status":"closed","ping_status":"closed","template":"","meta":{"footnotes":""},"class_list":["post-175","page","type-page","status-publish","czr-hentry"],"translation":{"provider":"WPGlobus","version":"3.0.2","language":"en","enabled_languages":["de","en"],"languages":{"de":{"title":true,"content":true,"excerpt":false},"en":{"title":true,"content":false,"excerpt":false}}},"aioseo_notices":[],"_links":{"self":[{"href":"https:\/\/www.porphyrie-leberring.de\/en\/wp-json\/wp\/v2\/pages\/175","targetHints":{"allow":["GET"]}}],"collection":[{"href":"https:\/\/www.porphyrie-leberring.de\/en\/wp-json\/wp\/v2\/pages"}],"about":[{"href":"https:\/\/www.porphyrie-leberring.de\/en\/wp-json\/wp\/v2\/types\/page"}],"author":[{"embeddable":true,"href":"https:\/\/www.porphyrie-leberring.de\/en\/wp-json\/wp\/v2\/users\/1"}],"replies":[{"embeddable":true,"href":"https:\/\/www.porphyrie-leberring.de\/en\/wp-json\/wp\/v2\/comments?post=175"}],"version-history":[{"count":19,"href":"https:\/\/www.porphyrie-leberring.de\/en\/wp-json\/wp\/v2\/pages\/175\/revisions"}],"predecessor-version":[{"id":2214,"href":"https:\/\/www.porphyrie-leberring.de\/en\/wp-json\/wp\/v2\/pages\/175\/revisions\/2214"}],"wp:attachment":[{"href":"https:\/\/www.porphyrie-leberring.de\/en\/wp-json\/wp\/v2\/media?parent=175"}],"curies":[{"name":"wp","href":"https:\/\/api.w.org\/{rel}","templated":true}]}}