{"id":163,"date":"2016-11-13T23:59:56","date_gmt":"2016-11-13T22:59:56","guid":{"rendered":"http:\/\/www.porphyrie-leberring.de\/?page_id=163"},"modified":"2020-08-11T16:46:43","modified_gmt":"2020-08-11T14:46:43","slug":"erfahrungsberichte","status":"publish","type":"page","link":"https:\/\/www.porphyrie-leberring.de\/en\/erfahrungsberichte\/","title":{"rendered":"Opinions"},"content":{"rendered":"<p>Erfahrungsberichte bieten pers\u00f6nliche Einblicke in den h\u00e4ufig langen Weg der Diagnosefindung und das Leben mit der Porphyrie. Auf dieser Seite haben wir einige dieser Erfahrungsberichte verlinkt.<\/p>\n<h2>Porphyrie \u2013 eine Patientengeschichte<\/h2>\n<p>Eine Porphyrie kann sich auf unterschiedliche Weisen \u00e4u\u00dfern und sogar lebensbedrohlich werden. Das musste zum Beispiel Sandra M\u00fcller (Name ge\u00e4ndert) aus Brandenburg erleben.<a href=\"http:\/\/www.porphyrie-leberring.de\/porphyrie-eine-patientengeschichte\/\" target=\"_blank\" rel=\"noopener noreferrer\"> Weiterlesen<\/a><\/p>\n<h2>Mit Schmerzen leben &#8211; ein Artikel zum Thema Porphyrie<\/h2>\n<p><a href=\"http:\/\/www.porphyrie-leberring.de\/wp-content\/uploads\/2017\/08\/Porphyrie.pdf\" target=\"_blank\" rel=\"noopener noreferrer\">PDF ansehen<\/a><\/p>\n<h2>Schmerz-Serie der BILD: Eine Patientin berichtet<\/h2>\n<p>Ein Mitglied des <em>Berliner Leberring e.V.<\/em> schildert in diesem <a href=\"http:\/\/berliner-leberring.de\/wp-content\/uploads\/2018\/03\/Porphyrie-BILD.pdf\" target=\"_blank\" rel=\"noopener noreferrer\">Artikel<\/a> die schweren Folgen eines Schubs und den langen Weg der Besserung.<\/p>\n<p>&nbsp;<\/p>\n","protected":false},"excerpt":{"rendered":"<p>Erfahrungsberichte bieten pers\u00f6nliche Einblicke in den h\u00e4ufig langen Weg der Diagnosefindung und das Leben mit der Porphyrie. Auf dieser Seite haben wir einige dieser Erfahrungsberichte verlinkt. Porphyrie \u2013 eine Patientengeschichte Eine Porphyrie kann sich auf unterschiedliche Weisen \u00e4u\u00dfern und sogar lebensbedrohlich werden. Das musste zum Beispiel Sandra M\u00fcller (Name ge\u00e4ndert) aus Brandenburg erleben. Weiterlesen Mit [&hellip;]<\/p>\n","protected":false},"author":1,"featured_media":0,"parent":0,"menu_order":0,"comment_status":"closed","ping_status":"closed","template":"","meta":{"footnotes":""},"class_list":["post-163","page","type-page","status-publish","czr-hentry"],"translation":{"provider":"WPGlobus","version":"3.0.2","language":"en","enabled_languages":["de","en"],"languages":{"de":{"title":true,"content":true,"excerpt":false},"en":{"title":true,"content":false,"excerpt":false}}},"aioseo_notices":[],"_links":{"self":[{"href":"https:\/\/www.porphyrie-leberring.de\/en\/wp-json\/wp\/v2\/pages\/163","targetHints":{"allow":["GET"]}}],"collection":[{"href":"https:\/\/www.porphyrie-leberring.de\/en\/wp-json\/wp\/v2\/pages"}],"about":[{"href":"https:\/\/www.porphyrie-leberring.de\/en\/wp-json\/wp\/v2\/types\/page"}],"author":[{"embeddable":true,"href":"https:\/\/www.porphyrie-leberring.de\/en\/wp-json\/wp\/v2\/users\/1"}],"replies":[{"embeddable":true,"href":"https:\/\/www.porphyrie-leberring.de\/en\/wp-json\/wp\/v2\/comments?post=163"}],"version-history":[{"count":9,"href":"https:\/\/www.porphyrie-leberring.de\/en\/wp-json\/wp\/v2\/pages\/163\/revisions"}],"predecessor-version":[{"id":1952,"href":"https:\/\/www.porphyrie-leberring.de\/en\/wp-json\/wp\/v2\/pages\/163\/revisions\/1952"}],"wp:attachment":[{"href":"https:\/\/www.porphyrie-leberring.de\/en\/wp-json\/wp\/v2\/media?parent=163"}],"curies":[{"name":"wp","href":"https:\/\/api.w.org\/{rel}","templated":true}]}}