{"id":1122,"date":"2018-04-12T16:55:59","date_gmt":"2018-04-12T14:55:59","guid":{"rendered":"http:\/\/www.porphyrie-leberring.de\/?page_id=1122"},"modified":"2018-05-03T15:50:27","modified_gmt":"2018-05-03T13:50:27","slug":"wie-ein-porphyrieschub-entsteht","status":"publish","type":"page","link":"https:\/\/www.porphyrie-leberring.de\/en\/was-ist-porphyrie\/wie-ein-porphyrieschub-entsteht\/","title":{"rendered":"Wie ein Porphyrieschub entsteht"},"content":{"rendered":"<p>\u00a0<\/p>\n<h2>Die H\u00e4m-Biosynthese<\/h2>\n<p>F\u00fcr viele Prozesse im menschlichen K\u00f6rper wird H\u00e4m ben\u00f6tigt. Allgemein bekannt ist das H\u00e4moglobin, welches f\u00fcr den Sauerstofftransport verantwortlich ist und dem Blut seine rote Farbe verleiht. H\u00e4m ist jedoch nicht nur ein Vorl\u00e4ufer des H\u00e4moglobins, sondern wird unter anderem auch f\u00fcr den Hormonstoffwechsel und f\u00fcr den Abbau bestimmter Medikamente im K\u00f6rper ben\u00f6tigt. H\u00e4m wird nicht durch die Nahrung zugef\u00fchrt, sondern im menschlichen K\u00f6rper aufgebaut, sprich: synthetisiert. Ist ein Patient von Porphyrie betroffen, so ist die H\u00e4msynthese eingeschr\u00e4nkt. In Verbindung mit einem Ausl\u00f6ser kann ein Zustand eintreten, der als Porphyrieschub bezeichnet wird.<\/p>\n<p>Das H\u00e4m wird zu ca. 15 &#8211; 20% in der Leber, zu ca. 80 &#8211; 85% im Knochenmark synthetisiert. Daran beteiligt sind insgesamt acht Enzyme. Bei Porphyrien weist mindestens ein Enzym eine verminderte Aktivit\u00e4t auf. In der Regel kann gesagt werden, dass das Enzym mit der (gr\u00f6\u00dften) Einschr\u00e4nkung die Art der Porphyrie bestimmt. Je nachdem, um welches Enzym es sich dabei handelt, ist die H\u00e4msynthese in der Leber oder im Knochenmark betroffen. Darauf bezogen wird zwischen hepatischen und erythropoetischen Porphyrien unterschieden; weitere Informationen zu den Formen der Porphyrie finden sich <a href=\"http:\/\/www.porphyrie-leberring.de\/formen\/\" target=\"_blank\" rel=\"noopener\">hier<\/a>. Bei erythropoetischen Porphyrien kommt es nicht zum Prophyrieschub, bei hepatischen &#8211; mit Ausnahme der Porphyria cutanea tarda &#8211; hingegen schon.<\/p>\n<p>\u00a0<\/p>\n<h2>Entstehung eines Porphyrieschubs am Beispiel der akut intermittierenden Porphyrie<\/h2>\n<p>Die Entstehung von einem Porphyrieschub erfolgt bei allen akuten Porphyrien nach demselben Prinzip. Je nachdem, ob ALAD-Defizienz-Porphyrie, akute intermittierende Porphyrie, Porphyria variegata oder heredit\u00e4re Korproporphyrie vorliegt, ist ein anderes Enzym f\u00fcr die Porphyrieattacke verantwortlich. Der Anschaulichkeit halber soll der Porphyrieschub hier nur an einer Porphyrieform erl\u00e4utert dargestellt werden. Da die h\u00e4ufigste Form der akuten Porphyrien die akut intermittierende ist, wird diese zur Erl\u00e4uterung herangezogen.<\/p>\n<p>Bildlich gesprochen kann man sich den Stoffwechselweg des H\u00e4ms wie ein Flie\u00dfband in einer Fabrik vorstellen. Aus den &#8220;Rohstoffen&#8221; entsteht als erstes Zwischenprodukt eine Form der Aminol\u00e4vulins\u00e4ure, ALA abgek\u00fcrzt. Das Enzym ALAS1 ist dabei der treibende &#8220;Motor&#8221;, der f\u00fcr die Fertigung und den Abtransport der Aminol\u00e4vulins\u00e4ure sorgt. Es folgen weitere Zwischenprodukte, die von verschiedenen weiteren Enzymen hergestellt werden, bis am Ende des Prozesses H\u00e4m entstanden ist. Dieser Prozess findet in der Leber permanent auf einem gewissen, minimalen, Niveau statt.<\/p>\n<figure id=\"attachment_1153\" aria-describedby=\"caption-attachment-1153\" style=\"width: 748px\" class=\"wp-caption aligncenter\"><img loading=\"lazy\" decoding=\"async\" src=\"http:\/\/www.porphyrie-leberring.de\/wp-content\/uploads\/2018\/05\/Heme-Pathway-Image_German_1.png\" alt=\"Normaler Stoffwechselweg des H\u00e4ms\" width=\"748\" height=\"360\" class=\"size-full wp-image-1153\" srcset=\"https:\/\/www.porphyrie-leberring.de\/wp-content\/uploads\/2018\/05\/Heme-Pathway-Image_German_1.png 748w, https:\/\/www.porphyrie-leberring.de\/wp-content\/uploads\/2018\/05\/Heme-Pathway-Image_German_1-300x144.png 300w, https:\/\/www.porphyrie-leberring.de\/wp-content\/uploads\/2018\/05\/Heme-Pathway-Image_German_1-600x289.png 600w\" sizes=\"auto, (max-width: 748px) 100vw, 748px\" \/><figcaption id=\"caption-attachment-1153\" class=\"wp-caption-text\">Normaler Stoffwechselweg des H\u00e4ms. Mit freundlicher Genehmigung von Alnylam Pharmaceuticals, Inc.<\/figcaption><\/figure>\n<p>Durch einen Ausl\u00f6ser wie bestimmte Medikamente oder Stress (N\u00e4heres dazu in der Kategorie <a href=\"http:\/\/www.porphyrie-leberring.de\/ausloeser-finden\/\" target=\"_blank\" rel=\"noopener\"><em>Ausl\u00f6ser finden<\/em><\/a>) kommt es zu einem erh\u00f6hten H\u00e4m-Bedarf. Im \u00fcbertragenen Sinn bedeutet das: Der Regler der Produktionsstra\u00dfe wird auf Maximum gestellt. Bei einer Porphyrie ist in der Fertigungskette jedoch ein Enzym, was aufgrund seiner geringeren Aktivit\u00e4t mit der neuen &#8220;Fertigungsgeschwindigkeit&#8221; nicht mithalten kann. Bei akuter intermittierender Porphyrie ist das die Porphobilinogen-Desaminase (PBG-Desaminase). Es kommt zur Anh\u00e4ufung von PBG in der Leber.<\/p>\n<figure id=\"attachment_1154\" aria-describedby=\"caption-attachment-1154\" style=\"width: 754px\" class=\"wp-caption aligncenter\"><img loading=\"lazy\" decoding=\"async\" src=\"http:\/\/www.porphyrie-leberring.de\/wp-content\/uploads\/2018\/05\/Heme-Pathway-Image_German_2.png\" alt=\"St\u00f6rung des H\u00e4m-Stoffwechselwegs\" width=\"754\" height=\"367\" class=\"size-full wp-image-1154\" srcset=\"https:\/\/www.porphyrie-leberring.de\/wp-content\/uploads\/2018\/05\/Heme-Pathway-Image_German_2.png 754w, https:\/\/www.porphyrie-leberring.de\/wp-content\/uploads\/2018\/05\/Heme-Pathway-Image_German_2-300x146.png 300w, https:\/\/www.porphyrie-leberring.de\/wp-content\/uploads\/2018\/05\/Heme-Pathway-Image_German_2-600x292.png 600w\" sizes=\"auto, (max-width: 754px) 100vw, 754px\" \/><figcaption id=\"caption-attachment-1154\" class=\"wp-caption-text\">St\u00f6rung des H\u00e4m-Stoffwechselwegs bei AIP. Mit freundlicher Genehmigung von Alnylam Pharmaceuticals, Inc.<\/figcaption><\/figure>\n<p>Das PBG tritt schlie\u00dflich aus der Leber aus und verursacht die charakteristischen Symptome: Der Patient erleidet einen Porphyrieschub. Bei anderen Formen der akuten Porphyrie werden teilweise andere oder weitere Zwischenprodukte der H\u00e4m-Biosynthese freigesetzt, die jedoch ebenfalls zu einem Porphyrieschub f\u00fchren.<\/p>\n<p>\u00a0<\/p>\n<h2>Behandlung eines Porphyrieschubs<\/h2>\n<p>Eine Porphyrieattacke kann im fr\u00fchen Stadium oft durch Glukose behandelt werden. Glukose setzt sozusagen eigenm\u00e4chtig den Geschwindigkeitsregler herunter und veschafft dem defekten Enzym einen kleinen Zeitpuffer zum &#8220;Abarbeiten&#8221; der Zwischenprodukte. Ist ein Porphyrieschub jedoch weit fortgeschritten, muss direkt H\u00e4m verabreicht werden, zum Beispiel als H\u00e4marginat. Hierf\u00fcr ist es unabdingbar, dass eine <a href=\"http:\/\/www.porphyrie-leberring.de\/kliniken\/\" target=\"_blank\" rel=\"noopener\">Klinik<\/a> aufgesucht wird. Durch die Gabe von H\u00e4m ist das urspr\u00fcngliche Ziel erf\u00fcllt: Es ist genug H\u00e4m im K\u00f6rper vorhanden, um alle davon abh\u00e4ngigen Prozesse durchf\u00fchren zu k\u00f6nnen. Der regulierende Mechanismus des K\u00f6rpers setzt die H\u00e4mproduktion herab, sodass die Zwischenprodukte abgebaut werden und die Symptome abklingen.<\/p>\n","protected":false},"excerpt":{"rendered":"<p>\u00a0 Die H\u00e4m-Biosynthese F\u00fcr viele Prozesse im menschlichen K\u00f6rper wird H\u00e4m ben\u00f6tigt. Allgemein bekannt ist das H\u00e4moglobin, welches f\u00fcr den Sauerstofftransport verantwortlich ist und dem Blut seine rote Farbe verleiht. H\u00e4m ist jedoch nicht nur ein Vorl\u00e4ufer des H\u00e4moglobins, sondern wird unter anderem auch f\u00fcr den Hormonstoffwechsel und f\u00fcr den Abbau bestimmter Medikamente im K\u00f6rper [&hellip;]<\/p>\n","protected":false},"author":2,"featured_media":0,"parent":238,"menu_order":0,"comment_status":"closed","ping_status":"closed","template":"","meta":{"footnotes":""},"class_list":["post-1122","page","type-page","status-publish","czr-hentry"],"translation":{"provider":"WPGlobus","version":"3.0.2","language":"en","enabled_languages":["de","en"],"languages":{"de":{"title":true,"content":true,"excerpt":false},"en":{"title":false,"content":false,"excerpt":false}}},"aioseo_notices":[],"_links":{"self":[{"href":"https:\/\/www.porphyrie-leberring.de\/en\/wp-json\/wp\/v2\/pages\/1122","targetHints":{"allow":["GET"]}}],"collection":[{"href":"https:\/\/www.porphyrie-leberring.de\/en\/wp-json\/wp\/v2\/pages"}],"about":[{"href":"https:\/\/www.porphyrie-leberring.de\/en\/wp-json\/wp\/v2\/types\/page"}],"author":[{"embeddable":true,"href":"https:\/\/www.porphyrie-leberring.de\/en\/wp-json\/wp\/v2\/users\/2"}],"replies":[{"embeddable":true,"href":"https:\/\/www.porphyrie-leberring.de\/en\/wp-json\/wp\/v2\/comments?post=1122"}],"version-history":[{"count":8,"href":"https:\/\/www.porphyrie-leberring.de\/en\/wp-json\/wp\/v2\/pages\/1122\/revisions"}],"predecessor-version":[{"id":1161,"href":"https:\/\/www.porphyrie-leberring.de\/en\/wp-json\/wp\/v2\/pages\/1122\/revisions\/1161"}],"up":[{"embeddable":true,"href":"https:\/\/www.porphyrie-leberring.de\/en\/wp-json\/wp\/v2\/pages\/238"}],"wp:attachment":[{"href":"https:\/\/www.porphyrie-leberring.de\/en\/wp-json\/wp\/v2\/media?parent=1122"}],"curies":[{"name":"wp","href":"https:\/\/api.w.org\/{rel}","templated":true}]}}